{"id":72,"date":"2013-02-10T22:10:15","date_gmt":"2013-02-10T21:10:15","guid":{"rendered":"http:\/\/ballon.hu\/?page_id=72"},"modified":"2017-02-15T12:22:03","modified_gmt":"2017-02-15T11:22:03","slug":"meteo","status":"publish","type":"page","link":"https:\/\/ballon.hu\/?page_id=72","title":{"rendered":"Meteo"},"content":{"rendered":"<div class=\"91eb22c871f95e36a57e63c989c4ed82\" data-index=\"1\" style=\"float: none; margin:10px 0 10px 0; text-align:center;\">\n<script type=\"text\/javascript\"><!--\r\ngoogle_ad_client = \"ca-pub-2865779868887008\";\r\n\/* Android box *\/\r\ngoogle_ad_slot = \"1345074415\";\r\ngoogle_ad_width = 336;\r\ngoogle_ad_height = 280;\r\n\/\/-->\r\n<\/script>\r\n<script type=\"text\/javascript\"\r\nsrc=\"http:\/\/pagead2.googlesyndication.com\/pagead\/show_ads.js\">\r\n<\/script>\n<\/div>\n<p>Region\u00e1lis adatok \u00e9s el\u0151rejelz\u00e9s:<\/p>\n<p><a href=\"http:\/\/ballon.hu\/?page_id=319\">Budapest<\/a> &#8211; <a href=\"http:\/\/ballon.hu\/?page_id=321\">Debrecen<\/a> &#8211; <a href=\"http:\/\/ballon.hu\/?page_id=1119\">Kecskem\u00e9t<\/a> &#8211;\u00a0<a href=\"http:\/\/ballon.hu\/?page_id=323\">P\u00e9cs-Pog\u00e1ny<\/a> &#8211; <a href=\"http:\/\/ballon.hu\/?page_id=313\">P\u00e9r (Gy\u0151r)<\/a> &#8211; <a href=\"http:\/\/ballon.hu\/?page_id=327\">S\u00e1rmell\u00e9k<\/a>\u00a0&#8211; <a href=\"http:\/\/ballon.hu\/?page_id=82\">Szeged<\/a><\/p>\n<p><iframe loading=\"lazy\" src=\"https:\/\/embed.windyty.com\/?47.125,19.481,7,menu,message\" width=\"640\" height=\"640\" frameborder=\"0\"><\/iframe><\/p>\n<p>Eur\u00f3pai felh\u0151 \u00e9s radar t\u00e9rk\u00e9p<br \/>\n<span style=\"font-size: small;\"><em>Kattints a k\u00e9pre tov\u00e1bbi adatok\u00e9rt \u00e9s az anim\u00e1lt t\u00e9rk\u00e9p\u00e9rt!<\/em><\/span><\/p>\n<div style=\"width: 560px\" class=\"wp-caption aligncenter\"><a href=\"http:\/\/www.meteoblue.com\/en_US\/weather\/map\/precipitation\/europe\" target=\"_blank\"><img decoding=\"async\" loading=\"lazy\" class=\" \" src=\"http:\/\/www.meteoblue.com\/uploads\/meteobluedata\/pub\/nmm22\/maps\/00SPCP03_003.jpg\" alt=\"Eur\u00f3pai felh\u0151- \u00e9s radart\u00e9rk\u00e9p\" width=\"550\" height=\"454\" \/><\/a><p class=\"wp-caption-text\">Eur\u00f3pai felh\u0151- \u00e9s radart\u00e9rk\u00e9p<\/p><\/div>\n<p>R\u00e9szletes adatok:<a href=\"http:\/\/ballon.hu\/?page_id=319\"><br \/>\nBudapest<\/a> &#8211; <a href=\"http:\/\/ballon.hu\/?page_id=321\">Debrecen<\/a> &#8211; <a href=\"http:\/\/ballon.hu\/?page_id=1119\">Kecskem\u00e9t<\/a> &#8211;\u00a0<a href=\"http:\/\/ballon.hu\/?page_id=323\">P\u00e9cs-Pog\u00e1ny<\/a> &#8211; <a href=\"http:\/\/ballon.hu\/?page_id=313\">P\u00e9r (Gy\u0151r)<\/a> &#8211; <a href=\"http:\/\/ballon.hu\/?page_id=327\">S\u00e1rmell\u00e9k<\/a>\u00a0&#8211; <a href=\"http:\/\/ballon.hu\/?page_id=82\">Szeged<\/a><\/p><!--CusAds0-->\n<p>Hasznos oldalak:<\/p>\n<ul>\n<li><a href=\"http:\/\/www.idokep.hu\/radar\" target=\"_blank\">Id\u0151k\u00e9p.hu magyar radart\u00e9rk\u00e9p<\/a><\/li>\n<li><a href=\"http:\/\/www.idokep.eu\/radar\" target=\"_blank\">Id\u0151k\u00e9p.eu eur\u00f3pai radart\u00e9rk\u00e9p<\/a><\/li>\n<li><a href=\"http:\/\/www.idokep.hu\/szel\" target=\"_blank\">Id\u0151k\u00e9p.hu sz\u00e9lt\u00e9rk\u00e9p<\/a><\/li>\n<li><a href=\"http:\/\/www.radareu.cz\/\" target=\"_blank\">Eur\u00f3pai radart\u00e9rk\u00e9p<\/a> &#8211; radareu.cz<\/li>\n<li><a href=\"http:\/\/www.meteo.pl\/index_en.php\" target=\"_blank\">Eur\u00f3pai meteogramok<\/a>: l\u00e9gnyom\u00e1s, sz\u00e9l, h\u0151m\u00e9rs\u00e9klet, csapad\u00e9k \u00e9s <strong>k\u00f6d<\/strong>\u00a0&#8211;\u00a0meteo.pl<\/li>\n<li><a href=\"http:\/\/ready.arl.noaa.gov\/READYcmet.php\" target=\"_blank\">NOAA grafikus el\u0151rejelz\u00e9sek<\/a><\/li>\n<li><a href=\"http:\/\/www.wetter3.de\/animation.html\" target=\"_blank\">Eur\u00f3pai t\u00e9rk\u00e9panim\u00e1ci\u00f3k, el\u0151rejelz\u00e9sek<\/a>\u00a0&#8211;\u00a0wetter3.de<\/li>\n<li><a href=\"http:\/\/www.wunderground.com\/wundermap\/?zoom=4&amp;rad=0&amp;wxsn=0&amp;svr=0&amp;cams=0&amp;sat=0&amp;riv=0&amp;mm=1&amp;mm.mdl=GFS&amp;mm.type=SURPRE&amp;mm.hour=0&amp;mm.opa=100&amp;mm.clk=0&amp;hur=0&amp;fire=0&amp;tor=0&amp;ndfd=0&amp;pix=0&amp;dir=0&amp;ads=0&amp;tfk=0&amp;fodors=0&amp;ski=0&amp;ls=0&amp;rad2=0\" target=\"_blank\">Eur\u00f3pai\u00a0t\u00e9rk\u00e9panim\u00e1ci\u00f3k, el\u0151rejelz\u00e9sek<\/a>\u00a0&#8211;\u00a0wunderground.com<\/li>\n<li><a href=\"http:\/\/www.blitzortung.org\/Webpages\/index.php?lang=en&amp;page_0=15\" target=\"_blank\">Vill\u00e1mt\u00e9rk\u00e9p<\/a><\/li>\n<li><a href=\"https:\/\/www.windyty.com\" target=\"_blank\">Sz\u00e9lt\u00e9rk\u00e9p \u00e9s el\u0151rejelz\u00e9sek grafikusan<\/a> &#8211; Windity<\/li>\n<li><a href=\"http:\/\/hu.sat24.com\/hu\/hu\" target=\"_blank\">M\u0171holdk\u00e9pek<\/a><\/li>\n<\/ul>\n<p>&nbsp;<\/p>\n<p>&nbsp;<\/p>\n<p>&nbsp;<\/p>\n<!--CusAds0-->\n<div style=\"font-size: 0px; height: 0px; line-height: 0px; margin: 0; padding: 0; clear: both;\"><\/div>","protected":false},"excerpt":{"rendered":"<p>Region\u00e1lis adatok \u00e9s el\u0151rejelz\u00e9s: Budapest &#8211; Debrecen &#8211; Kecskem\u00e9t &#8211;\u00a0P\u00e9cs-Pog\u00e1ny &#8211; P\u00e9r (Gy\u0151r) &#8211; S\u00e1rmell\u00e9k\u00a0&#8211; Szeged Eur\u00f3pai felh\u0151 \u00e9s radar t\u00e9rk\u00e9p Kattints a k\u00e9pre tov\u00e1bbi adatok\u00e9rt \u00e9s az anim\u00e1lt t\u00e9rk\u00e9p\u00e9rt! R\u00e9szletes adatok: Budapest &#8211; Debrecen &#8211; Kecskem\u00e9t &#8211;\u00a0P\u00e9cs-Pog\u00e1ny &#8211; P\u00e9r (Gy\u0151r) &#8211; S\u00e1rmell\u00e9k\u00a0&#8211; Szeged Hasznos oldalak: Id\u0151k\u00e9p.hu magyar radart\u00e9rk\u00e9p Id\u0151k\u00e9p.eu eur\u00f3pai radart\u00e9rk\u00e9p Id\u0151k\u00e9p.hu sz\u00e9lt\u00e9rk\u00e9p Eur\u00f3pai [&hellip;]<\/p>\n","protected":false},"author":1,"featured_media":0,"parent":0,"menu_order":5,"comment_status":"open","ping_status":"open","template":"","meta":[],"_links":{"self":[{"href":"https:\/\/ballon.hu\/index.php?rest_route=\/wp\/v2\/pages\/72"}],"collection":[{"href":"https:\/\/ballon.hu\/index.php?rest_route=\/wp\/v2\/pages"}],"about":[{"href":"https:\/\/ballon.hu\/index.php?rest_route=\/wp\/v2\/types\/page"}],"author":[{"embeddable":true,"href":"https:\/\/ballon.hu\/index.php?rest_route=\/wp\/v2\/users\/1"}],"replies":[{"embeddable":true,"href":"https:\/\/ballon.hu\/index.php?rest_route=%2Fwp%2Fv2%2Fcomments&post=72"}],"version-history":[{"count":8,"href":"https:\/\/ballon.hu\/index.php?rest_route=\/wp\/v2\/pages\/72\/revisions"}],"predecessor-version":[{"id":1343,"href":"https:\/\/ballon.hu\/index.php?rest_route=\/wp\/v2\/pages\/72\/revisions\/1343"}],"wp:attachment":[{"href":"https:\/\/ballon.hu\/index.php?rest_route=%2Fwp%2Fv2%2Fmedia&parent=72"}],"curies":[{"name":"wp","href":"https:\/\/api.w.org\/{rel}","templated":true}]}}