{"id":319,"date":"2013-02-12T20:07:20","date_gmt":"2013-02-12T19:07:20","guid":{"rendered":"http:\/\/ballon.hu\/?page_id=319"},"modified":"2016-04-08T08:40:28","modified_gmt":"2016-04-08T08:40:28","slug":"budapest-meteo","status":"publish","type":"page","link":"https:\/\/ballon.hu\/?page_id=319","title":{"rendered":"Budapest"},"content":{"rendered":"<div class=\"91eb22c871f95e36a57e63c989c4ed82\" data-index=\"1\" style=\"float: none; margin:10px 0 10px 0; text-align:center;\">\n<script type=\"text\/javascript\"><!--\r\ngoogle_ad_client = \"ca-pub-2865779868887008\";\r\n\/* Android box *\/\r\ngoogle_ad_slot = \"1345074415\";\r\ngoogle_ad_width = 336;\r\ngoogle_ad_height = 280;\r\n\/\/-->\r\n<\/script>\r\n<script type=\"text\/javascript\"\r\nsrc=\"http:\/\/pagead2.googlesyndication.com\/pagead\/show_ads.js\">\r\n<\/script>\n<\/div>\n<p><a href=\"http:\/\/www.aviationweather.gov\/adds\/metars\/index\/adds\/metars\/index.php?station_ids=lhbp&amp;std_trans=standard&amp;chk_metars=on&amp;hoursStr=past+6+hours&amp;submitmet=Submit\" target=\"_blank\">Budapest, rep\u00fcl\u0151t\u00e9r METAR adatai, utols\u00f3 6 \u00f3ra<\/a>\u00a0(<a href=\"http:\/\/ballon.hu\/?p=1152\">METAR \u00e9rtelmez\u0151<\/a>)<\/p>\n<p><iframe loading=\"lazy\" src=\"https:\/\/embed.windyty.com\/?47.480,18.850,7,menu,marker\" width=\"640\" height=\"640\" frameborder=\"0\"><\/iframe><\/p>\n<p>Budapest, meteogram 5 napra<\/p>\n<div style=\"width: 636px\" class=\"wp-caption aligncenter\"><img decoding=\"async\" loading=\"lazy\" class=\" \" src=\"http:\/\/www.meteoblue.com\/meteogram-web?lon=19.0833&amp;lat=47.5&amp;asl=117&amp;tz=Europe_Budapest&amp;lang=en&amp;look=CELSIUS,KILOMETER_PER_HOUR&quot;\" alt=\"P\u00e9r, Gy\u0151r meteogram\" width=\"626\" height=\"423\" \/><p class=\"wp-caption-text\">Budapest meteogram<\/p><\/div>\n<!--CusAds0--><!--CusAds0-->\n<div style=\"font-size: 0px; height: 0px; line-height: 0px; margin: 0; padding: 0; clear: both;\"><\/div>","protected":false},"excerpt":{"rendered":"<p>Budapest, rep\u00fcl\u0151t\u00e9r METAR adatai, utols\u00f3 6 \u00f3ra\u00a0(METAR \u00e9rtelmez\u0151) Budapest, meteogram 5 napra<\/p>\n","protected":false},"author":1,"featured_media":0,"parent":72,"menu_order":0,"comment_status":"open","ping_status":"open","template":"","meta":[],"_links":{"self":[{"href":"https:\/\/ballon.hu\/index.php?rest_route=\/wp\/v2\/pages\/319"}],"collection":[{"href":"https:\/\/ballon.hu\/index.php?rest_route=\/wp\/v2\/pages"}],"about":[{"href":"https:\/\/ballon.hu\/index.php?rest_route=\/wp\/v2\/types\/page"}],"author":[{"embeddable":true,"href":"https:\/\/ballon.hu\/index.php?rest_route=\/wp\/v2\/users\/1"}],"replies":[{"embeddable":true,"href":"https:\/\/ballon.hu\/index.php?rest_route=%2Fwp%2Fv2%2Fcomments&post=319"}],"version-history":[{"count":5,"href":"https:\/\/ballon.hu\/index.php?rest_route=\/wp\/v2\/pages\/319\/revisions"}],"predecessor-version":[{"id":1161,"href":"https:\/\/ballon.hu\/index.php?rest_route=\/wp\/v2\/pages\/319\/revisions\/1161"}],"up":[{"embeddable":true,"href":"https:\/\/ballon.hu\/index.php?rest_route=\/wp\/v2\/pages\/72"}],"wp:attachment":[{"href":"https:\/\/ballon.hu\/index.php?rest_route=%2Fwp%2Fv2%2Fmedia&parent=319"}],"curies":[{"name":"wp","href":"https:\/\/api.w.org\/{rel}","templated":true}]}}