{"id":263,"date":"2013-02-12T11:28:06","date_gmt":"2013-02-12T10:28:06","guid":{"rendered":"http:\/\/ballon.hu\/?page_id=263"},"modified":"2016-06-03T15:36:14","modified_gmt":"2016-06-03T13:36:14","slug":"versenyfeladatok","status":"publish","type":"page","link":"https:\/\/ballon.hu\/?page_id=263","title":{"rendered":"Versenyfeladatok"},"content":{"rendered":"<div class=\"91eb22c871f95e36a57e63c989c4ed82\" data-index=\"1\" style=\"float: none; margin:10px 0 10px 0; text-align:center;\">\n<script type=\"text\/javascript\"><!--\r\ngoogle_ad_client = \"ca-pub-2865779868887008\";\r\n\/* Android box *\/\r\ngoogle_ad_slot = \"1345074415\";\r\ngoogle_ad_width = 336;\r\ngoogle_ad_height = 280;\r\n\/\/-->\r\n<\/script>\r\n<script type=\"text\/javascript\"\r\nsrc=\"http:\/\/pagead2.googlesyndication.com\/pagead\/show_ads.js\">\r\n<\/script>\n<\/div>\n<p align=\"justify\">H\u0151l\u00e9gballon versenyeken a sorrend eld\u00f6nt\u00e9s\u00e9hez feladatokat kell v\u00e9grehajtani. Egy rep\u00fcl\u00e9s sor\u00e1n t\u00f6bb k\u00fcl\u00f6nb\u00f6z\u0151 feladat is lehet \u00e9s azokat \u00e1ltal\u00e1ban a napkelte ut\u00e1ni, illetve napnyugta el\u0151tti k\u00e9t-h\u00e1rom \u00f3r\u00e1ra tervezik. 20 k\u00fcl\u00f6nb\u00f6z\u0151 feladat t\u00edpust \u00edrtak el\u0151, de nem kell felt\u00e9tlen\u00fcl minden feladat t\u00edpust v\u00e9grehajtani egy versenyen. A feladatok kiv\u00e1laszt\u00e1s\u00e1t a helyi f\u00f6ldrajzi adotts\u00e1gok alapj\u00e1n a meteorol\u00f3giai szitu\u00e1ci\u00f3 befoly\u00e1solja. A feladatokat a rep\u00fcl\u00e9s el\u0151tti eligaz\u00edt\u00e1son k\u00f6zlik a versenyz\u0151kkel. A feladatok 3 f\u0151 csoportba sorolhat\u00f3k, de ezek a csoportok nem szerepelnek a versenyszab\u00e1lyzatban:<\/p>\n<ol>\n<li>Prec\u00edzi\u00f3s rep\u00fcl\u00e9s el\u0151re meghat\u00e1rozott c\u00e9lokra.<\/li>\n<li>Sebess\u00e9g, id\u0151 \u00e9s t\u00e1vols\u00e1g feladatok.<\/li>\n<li>\u00datvonal megv\u00e1ltoztat\u00e1sa a rep\u00fcl\u00e9s k\u00f6zben.<\/li>\n<\/ol>\n<p align=\"justify\">A versenyz\u0151k eredm\u00e9ny\u00e9t r\u00e9gen lesz\u00e1ll\u00e1s ut\u00e1n, a ballonkos\u00e1r hely\u00e9t\u0151l m\u00e9rt\u00e9k. \u00cdgy csak egy feladatot lehetett v\u00e9grehajtani rep\u00fcl\u00e9senk\u00e9nt \u00e9s a ballonok \u00e9ps\u00e9g\u00e9re is vesz\u00e9lyes volt, ha sok ballon akart ugyanott lesz\u00e1llni. Ennek kiv\u00e1lt\u00e1s\u00e1ra ma m\u00e1r a lesz\u00e1ll\u00e1s helyett egy 170 x 10 cm-es jelz\u0151szalagot dobnak, aminek az egyik v\u00e9g\u00e9ben 70 gr s\u00faly van \u00e9s markernek h\u00edvj\u00e1k. A marker t\u00e1vols\u00e1g\u00e1t m\u00e9rik a c\u00e9lt\u00f3l, ez\u00e9rt ha ilyet tal\u00e1lsz, akkor hagyd ott, hogy tudj\u00e1k \u00e9rt\u00e9kelni az eredm\u00e9nyt!<\/p>\n<p align=\"justify\">Itt a feladatok angol nev\u00e9t is megtal\u00e1lod, mert a haszn\u00e1latos r\u00f6vid\u00edt\u00e9sek onnan erednek.<\/p>\n<p><strong>1. Prec\u00edzi\u00f3s rep\u00fcl\u00e9sek el\u0151re meghat\u00e1rozott c\u00e9lokra:<\/strong><\/p>\n<p><strong>Pil\u00f3ta \u00e1ltal meghat\u00e1rozott c\u00e9l &#8211; PDG<\/strong> (Pilot Declared Goal)<\/p><!--CusAds0-->\n<p><img decoding=\"async\" loading=\"lazy\" class=\"alignright\" src=\"http:\/\/ballon.hu\/verseny\/verspict\/PDG_task.gif\" alt=\"PDG\" width=\"190\" height=\"116\" \/>A versenyz\u0151k megk\u00eds\u00e9relnek markert dobni a felsz\u00e1ll\u00e1s el\u0151tt, a saj\u00e1t maguk \u00e1ltal kijel\u00f6lt c\u00e9lhoz min\u00e9l k\u00f6zelebb. Ez a c\u00e9l \u00e1ltal\u00e1ban egy \u00fatkeresztez\u0151d\u00e9s, term\u00e9szetesen a forgalmas utakat nem haszn\u00e1lj\u00e1k. A hib\u00e1s t\u00e9rk\u00e9polvas\u00e1ssal vagy a sz\u00e9lviszonyok rossz felm\u00e9r\u00e9s\u00e9vel k\u00f6nnyen elhib\u00e1zhatj\u00e1k saj\u00e1t c\u00e9ljukat. Ez a feladat j\u00f3l felm\u00e9rheti a versenyz\u0151k k\u00fcl\u00f6nb\u00f6z\u0151 k\u00e9pess\u00e9geit.<\/p>\n<p><strong>B\u00edr\u00f3 \u00e1ltal meghat\u00e1rozott c\u00e9l &#8211; JDG<\/strong> (Judge Declared Goal)<\/p>\n<p><img decoding=\"async\" loading=\"lazy\" class=\"alignleft\" src=\"http:\/\/ballon.hu\/verseny\/verspict\/JDG_task.gif\" alt=\"B\u00edr\u00f3 \u00e1ltal meghat\u00e1rozott c\u00e9l - JDG (Judge Declared Goal)\" width=\"190\" height=\"116\" \/>A versenyz\u0151k megk\u00eds\u00e9relnek markert dobni a versenyb\u00edr\u00f3s\u00e1g \u00e1ltal kijel\u00f6lt c\u00e9lhoz min\u00e9l k\u00f6zelebb. A c\u00e9l egy nagy, l\u00e1bank\u00e9nt 5 x 1 m-es, X alak\u00fa kereszt. Ez a k\u00f6z\u00f6ns\u00e9gnek is k\u00f6nnyen \u00e9rthet\u0151 \u00e9s nagyon l\u00e1tv\u00e1nyos feladat, amikor hatalmas ballonok csoportjai k\u00f6zelednek a k\u00f6z\u00f6s c\u00e9lhoz.<\/p>\n<div align=\"center\">\n<p><script type=\"text\/javascript\">\/\/ <![CDATA[\ngoogle_ad_client = \"pub-2865779868887008\"; \/* 336x280, l\u00e9trehozva 2009.03.25. *\/ google_ad_slot = \"4573942302\"; google_ad_width = 336; google_ad_height = 280;\n\/\/ ]]><\/script><br \/>\n<script src=\"http:\/\/pagead2.googlesyndication.com\/pagead\/show_ads.js\" type=\"text\/javascript\">\/\/ <![CDATA[\n\n\/\/ ]]><\/script><\/p>\n<\/div>\n<p><strong>T\u00e9tova kering\u0151 &#8211; HWZ<\/strong>\u00a0(Hesitation Walz)<\/p>\n<p><img decoding=\"async\" loading=\"lazy\" class=\"alignright\" src=\"http:\/\/ballon.hu\/verseny\/verspict\/HWZ_task.gif\" alt=\"T\u00e9tova kering\u0151 - HWZ (Hesitation Walz)\" width=\"190\" height=\"116\" \/>A versenyz\u0151knek markert kell dobniuk a b\u00edr\u00f3s\u00e1g \u00e1ltal kijel\u00f6lt c\u00e9lok valamelyik\u00e9hez. A legk\u00f6zelebbi c\u00e9lhoz m\u00e9rik az eredm\u00e9nyt. Enn\u00e9l a feladatn\u00e1l a legel\u0151ny\u00f6sebb c\u00e9l kiv\u00e1laszt\u00e1sa \u00e9s a megk\u00f6zel\u00edt\u00e9s\u00e9nek m\u00f3dja a d\u00f6nt\u0151.<\/p>\n<p><strong>Berep\u00fcl\u00e9s &#8211; FIN<\/strong>\u00a0(Fly-in)<\/p>\n<p><img decoding=\"async\" loading=\"lazy\" class=\"alignleft\" src=\"http:\/\/ballon.hu\/verseny\/verspict\/FIN_task.gif\" alt=\"Berep\u00fcl\u00e9s - FIN (Fly-in) \" width=\"190\" height=\"116\" \/>A versenyigazgat\u00f3 kijel\u00f6l egy c\u00e9lt \u00e9s ezt pr\u00f3b\u00e1lja meg minden pil\u00f3ta megk\u00f6zel\u00edteni a saj\u00e1t maga \u00e1ltal kiv\u00e1lasztott felsz\u00e1ll\u00e1si helyr\u0151l. Ennek a helynek el\u0151\u00edrj\u00e1k a minim\u00e1lis \u00e9s maxim\u00e1lis t\u00e1vols\u00e1g\u00e1t a c\u00e9lt\u00f3l. A felsz\u00e1ll\u00e1si hely kiv\u00e1laszt\u00e1sakor figyelembe kell venni, hogy alacsonyan \u00e9s lassan vagy magasabban \u00e9s gyorsabban akarj\u00e1k el\u00e9rni a c\u00e9lt. Meg kell hat\u00e1rozni a strat\u00e9gi\u00e1t, de figyelembe kell venni, hogy a sz\u00e9lir\u00e1ny meg is v\u00e1ltozhat. A k\u00f6z\u00f6ns\u00e9g is \u00e9lvezheti a feladatot a helysz\u00edn elhagy\u00e1sa n\u00e9lk\u00fcl.<\/p>\n<p><strong>Tov\u00e1bbrep\u00fcl\u00e9s &#8211; FON<\/strong>\u00a0(Fly-on)<\/p>\n<p><img decoding=\"async\" loading=\"lazy\" class=\"alignright\" src=\"http:\/\/ballon.hu\/verseny\/verspict\/FON_task.gif\" alt=\"Tov\u00e1bbrep\u00fcl\u00e9s - FON (Fly-on)\" width=\"190\" height=\"116\" \/>A versenyz\u0151knek rep\u00fcl\u00e9s k\u00f6zben kell meghat\u00e1rozniuk, hogy mi lesz a k\u00f6vetkez\u0151 c\u00e9ljuk. Az ezt megel\u0151z\u0151 feladat marker\u00e9re r\u00e1\u00edrj\u00e1k saj\u00e1t v\u00e1lasztott c\u00e9ljuk koordin\u00e1t\u00e1it, amit a marker kidob\u00e1sa ut\u00e1n m\u00e1r term\u00e9szetesen nem tudnak megv\u00e1ltoztatni. A feladat neh\u00e9zs\u00e9ge, hogy egy feladat v\u00e9grehajt\u00e1sa k\u00f6zben kell a k\u00f6vetkez\u0151 feladatot \u00fagy el\u0151k\u00e9sz\u00edteni, hogy a tov\u00e1bbrep\u00fcl\u00e9s ut\u00e1n ott is a legjobb eredm\u00e9nyt \u00e9rj\u00e9k el. Ezzel a feladattal a versenyb\u00edr\u00f3s\u00e1g j\u00f3l tesztelheti a versenyz\u0151k strat\u00e9giai k\u00e9pess\u00e9g\u00e9t.<\/p>\n<p><strong>Gordon Bennett Memorial &#8211; GBM<\/strong><\/p>\n<p><img decoding=\"async\" loading=\"lazy\" class=\"alignleft\" src=\"http:\/\/ballon.hu\/verseny\/verspict\/GBM_task.gif\" alt=\"Gordon Bennett Memorial - GBM\" width=\"190\" height=\"116\" \/>A feladat neve a XX. Sz\u00e1zad elej\u00e9n \u00e9lt Gordon Benettnek \u00e1ll\u00edt eml\u00e9ket, aki a ballonsport nagy t\u00e1mogat\u00f3ja volt. A JDG feladathoz hasonl\u00f3an kijel\u00f6lnek egy c\u00e9lt \u00e9s versenyz\u0151knek markert kell dobni egy meghat\u00e1rozott \u00e9rt\u00e9kel\u00e9si ter\u00fcletre. A c\u00e9lhoz legk\u00f6zelebbi ballon markere kapja a legt\u00f6bb pontot.<\/p>\n<p><strong>Ny\u00fal \u00e9s kuty\u00e1k &#8211; HNH<\/strong>\u00a0(Hare and Hound)<\/p>\n<p><img decoding=\"async\" loading=\"lazy\" class=\"alignright\" src=\"http:\/\/ballon.hu\/verseny\/verspict\/HNH_task.gif\" alt=\"Ny\u00fal \u00e9s kuty\u00e1k - HNH (Hare and Hound)\" width=\"190\" height=\"116\" \/>Egy a versenyb\u00edr\u00f3s\u00e1g \u00e1ltal kiv\u00e1lasztott &#8222;ny\u00falballont&#8221; kell k\u00f6vetni\u00fck a versenyz\u0151knek. A ny\u00falballon lesz\u00e1ll\u00e1s ut\u00e1n egy c\u00e9lkeresztet rak ki a saj\u00e1t kosara mellett, amire a markereket dobj\u00e1k. Ezt a feladatot szokt\u00e1k r\u00f3kavad\u00e1szatnak is h\u00edvni.<\/p>\n<p><strong>Lehaj\u00f3z\u00e1s &#8211; WDN<\/strong>\u00a0(Watership Down)<\/p>\n<p><img decoding=\"async\" loading=\"lazy\" class=\"alignleft\" src=\"http:\/\/ballon.hu\/verseny\/verspict\/WSD_task.gif\" alt=\"Lehaj\u00f3z\u00e1s - WDN (Watership Down)\" width=\"190\" height=\"116\" \/>Ez a Ny\u00fal \u00e9s kuty\u00e1k feladat egy v\u00e1ltozata. A pil\u00f3t\u00e1k el\u0151sz\u00f6r a ny\u00falballon megadott felsz\u00e1ll\u00e1si hely\u00e9t k\u00f6zel\u00edtik meg, majd k\u00f6vetik a ny\u00falballont \u00e9s az \u00e1ltala kihelyezett c\u00e9lra dobnak. A feladat neve Richard Adams h\u00edres nyulas t\u00f6rt\u00e9net\u00e9b\u0151l ered (<a href=\"https:\/\/en.wikipedia.org\/wiki\/Watership_Down\" target=\"_blank\">Watership Down<\/a>, magyarul:\u00a0<a href=\"https:\/\/hu.wikipedia.org\/wiki\/Gesztenye,_a_honalap%C3%ADt%C3%B3\" target=\"_blank\">Gesztenye, a honalap\u00edt\u00f3<\/a>\u00a0c\u00edmmel jelent meg).<\/p>\n<p><strong>2. Sebess\u00e9g, id\u0151 \u00e9s t\u00e1vols\u00e1g feladatok:<\/strong><\/p>\n<p><strong>Minimum t\u00e1vols\u00e1g &#8211; MDT<\/strong>\u00a0(Minimum Distance)<\/p>\n<p><img decoding=\"async\" loading=\"lazy\" class=\"alignright\" src=\"http:\/\/ballon.hu\/verseny\/verspict\/MND_task.gif\" alt=\"Minimum t\u00e1vols\u00e1g - MDT (Minimum Distance)\" width=\"190\" height=\"116\" \/>A ballonok egy k\u00f6z\u00f6s felsz\u00e1ll\u00e1si ter\u00fcletr\u0151l indulnak \u00e9s egy meghat\u00e1rozott minim\u00e1lis rep\u00fcl\u00e9si id\u0151 ut\u00e1n markert dobnak, a lehet\u0151 legk\u00f6zelebb az indul\u00e1s hely\u00e9hez. M\u00e1s szavakkal a versenyz\u0151knek a meghat\u00e1rozott ideig a legk\u00f6zelebb kell maradniuk a starthelyhez.<\/p>\n<p><strong>Minimum t\u00e1vols\u00e1g dupla dob\u00e1ssal &#8211; MDD<\/strong> (Minimum Distance Double Drop)<\/p>\n<p><img decoding=\"async\" loading=\"lazy\" class=\"alignleft\" src=\"http:\/\/ballon.hu\/verseny\/verspict\/MDD_task.gif\" alt=\"Minimum t\u00e1vols\u00e1g dupla dob\u00e1ssal - MDD (Minimum Distance Double Drop)\" width=\"190\" height=\"116\" \/>Egy-egy markert kell dobni a k\u00e9t k\u00fcl\u00f6nb\u00f6z\u0151 \u00e9rt\u00e9kel\u00e9si ter\u00fcletbe. A r\u00f6videbb t\u00e1vols\u00e1g a k\u00e9t marker k\u00f6z\u00f6tt t\u00f6bb pontot jelent.<\/p>\n<p>&nbsp;<\/p>\n<p><strong>Maximum t\u00e1vols\u00e1g &#8211; XID<\/strong>\u00a0(Maximum Distance)<\/p>\n<p><img decoding=\"async\" loading=\"lazy\" class=\"alignright\" src=\"http:\/\/ballon.hu\/verseny\/verspict\/XID_task.gif\" alt=\"Maximum t\u00e1vols\u00e1g - XID (Maximum Distance)\" width=\"190\" height=\"116\" \/>A felsz\u00e1ll\u00e1si pontt\u00f3l a legt\u00e1volabb kell markert dobni a meghat\u00e1rozott \u00e9rt\u00e9kel\u00e9si ter\u00fcletbe.<\/p>\n<p>&nbsp;<\/p>\n<div align=\"center\">\n<p><script type=\"text\/javascript\">\/\/ <![CDATA[\ngoogle_ad_client = \"pub-2865779868887008\"; \/* 336x280, l\u00e9trehozva 2009.03.25. *\/ google_ad_slot = \"4573942302\"; google_ad_width = 336; google_ad_height = 280;\n\/\/ ]]><\/script><br \/>\n<script src=\"http:\/\/pagead2.googlesyndication.com\/pagead\/show_ads.js\" type=\"text\/javascript\">\/\/ <![CDATA[\n\n\/\/ ]]><\/script><\/p>\n<\/div>\n<p><strong>Maximum t\u00e1vols\u00e1g dupla dob\u00e1ssal &#8211; XDD<\/strong>\u00a0(Maximum Distance Double Drop)<\/p>\n<p><img decoding=\"async\" loading=\"lazy\" class=\"alignleft\" src=\"http:\/\/ballon.hu\/verseny\/verspict\/XDD_task.gif\" alt=\"Maximum t\u00e1vols\u00e1g dupla dob\u00e1ssal - XDD (Maximum Distance Double Drop)\" width=\"190\" height=\"116\" \/>A Minimum t\u00e1vols\u00e1g dupla dob\u00e1ssal feladat ellent\u00e9te. Egy-egy markert kell dobni a k\u00e9t k\u00fcl\u00f6nb\u00f6z\u0151 \u00e9rt\u00e9kel\u00e9si ter\u00fcletbe. A legnagyobb t\u00e1vols\u00e1g a k\u00e9t marker k\u00f6z\u00f6tt a legt\u00f6bb pontot hozza.<\/p>\n<p>&nbsp;<\/p>\n<p><strong>Legr\u00f6videbb rep\u00fcl\u00e9s &#8211; SFL<\/strong>\u00a0(Shortest flight)<\/p>\n<p><img decoding=\"async\" loading=\"lazy\" class=\"alignright\" src=\"http:\/\/ballon.hu\/verseny\/verspict\/SFL_task.gif\" alt=\"Legr\u00f6videbb rep\u00fcl\u00e9s - SFL (Shortest flight)\" width=\"190\" height=\"116\" \/>A felsz\u00e1ll\u00e1si ponthoz a lehet\u0151 legk\u00f6zelebb kell markert dobni a meghat\u00e1rozott \u00e9rt\u00e9kel\u00e9si ter\u00fcletben. A r\u00f6videbb rep\u00fcl\u00e9si \u00fatvonal t\u00f6bb pontot jelent.<\/p>\n<p>&nbsp;<\/p>\n<p><strong>Maximum t\u00e1vols\u00e1g id\u0151re &#8211; XDT<\/strong> \u00a0(Maximum Distance Time)<\/p>\n<p><img decoding=\"async\" loading=\"lazy\" class=\"alignleft\" src=\"http:\/\/ballon.hu\/verseny\/verspict\/XDT_task.gif\" alt=\"Maximum t\u00e1vols\u00e1g id\u0151re - XDT (Maximum Distance Time) \" width=\"190\" height=\"116\" \/>A meghat\u00e1rozott id\u0151 alatt a legmesszebbre kell eljutni.<\/p>\n<p>&nbsp;<\/p>\n<p>&nbsp;<\/p>\n<p><strong>Versenyrep\u00fcl\u00e9s egy ter\u00fcletre\u00a0&#8211; RTA<\/strong> (Race to Area)<\/p>\n<p><img decoding=\"async\" loading=\"lazy\" class=\"alignright\" src=\"http:\/\/ballon.hu\/verseny\/verspict\/RTA_task.gif\" alt=\"Versenyrep\u00fcl\u00e9s egy ter\u00fcletre - RTA (Race to Area) \" width=\"190\" height=\"116\" \/>A ballonnal egy \u00e9rt\u00e9kel\u00e9si ter\u00fcletet kell a min\u00e9l gyorsabban el\u00e9rni, majd markert dobni. Aki a leggyorsabb az kapja a legt\u00f6bb pontot. M\u00e1s versenyekhez hasonl\u00f3an a sebess\u00e9get (eltelt id\u0151) \u00e9s teljes\u00edtm\u00e9nyt tesztelik.<\/p>\n<p>&nbsp;<\/p>\n<p><strong>Kalkul\u00e1lt megk\u00f6zel\u00edt\u00e9si idej\u0171 feladat &#8211; CRAT<\/strong>\u00a0(Calculated Rate Approach Task)<\/p>\n<p><img decoding=\"async\" loading=\"lazy\" class=\"alignleft\" src=\"http:\/\/ballon.hu\/verseny\/verspict\/CRT_task.gif\" alt=\"Kalkul\u00e1lt megk\u00f6zel\u00edt\u00e9si idej\u0171 feladat - CRAT (Calculated Rate Approach Task)\" width=\"190\" height=\"116\" \/>A JDG feladathoz hasonl\u00f3an a versenyz\u0151k markert dobnak a meghat\u00e1rozott \u00e9rt\u00e9kel\u00e9si ter\u00fcletben l\u00e9v\u0151 c\u00e9lra, de erre csak korl\u00e1tozott id\u0151peri\u00f3dus \u00e1ll rendelkez\u00e9s\u00fckre. Nem kap pontot, aki t\u00fal kor\u00e1n vagy t\u00fal k\u00e9s\u0151n pr\u00f3b\u00e1lkozik.<\/p>\n<p>&nbsp;<\/p>\n<p><strong>3. \u00datvonal megv\u00e1ltoztat\u00e1sa a rep\u00fcl\u00e9s k\u00f6zben:<\/strong><\/p>\n<p><strong>K\u00f6ny\u00f6k &#8211; ELB<\/strong>\u00a0(Elbow)<\/p>\n<p><img decoding=\"async\" loading=\"lazy\" class=\"alignright\" src=\"http:\/\/ballon.hu\/verseny\/verspict\/ELB_task.gif\" alt=\"K\u00f6ny\u00f6k - ELB (Elbow)\" width=\"190\" height=\"116\" \/>A feladat, hogy a ballonok megtal\u00e1lj\u00e1k legnagyobb menetir\u00e1ny v\u00e1ltoz\u00e1st. A hegyesebb sz\u00f6g jelenti a jobb eredm\u00e9nyt, amit h\u00e1rom marker dob\u00e1s\u00e1val hat\u00e1roznak meg a ballonversenyz\u0151k.<\/p>\n<p>&nbsp;<\/p>\n<p><strong>Ter\u00fcletszerz\u00e9s &#8211; LRN<\/strong>\u00a0(Land Run)<\/p>\n<p><img decoding=\"async\" loading=\"lazy\" class=\"alignleft\" src=\"http:\/\/ballon.hu\/verseny\/verspict\/LRN_task.gif\" alt=\"Ter\u00fcletszerz\u00e9s - LRL (Land Run)\" width=\"190\" height=\"116\" \/>A rep\u00fcl\u00e9ssel egy h\u00e1romsz\u00f6g alakot kell kijel\u00f6lni. A nagyobb ter\u00fclet\u0171 h\u00e1romsz\u00f6g t\u00f6bb pontot \u00e9r. A K\u00f6ny\u00f6k feladathoz hasonl\u00f3an itt is nagy ir\u00e1nyv\u00e1ltoz\u00e1sokat kell el\u00e9rni.<\/p>\n<p>&nbsp;<\/p>\n<p><strong>Sz\u00f6g &#8211; ANG<\/strong>\u00a0(Angle)<\/p>\n<p><img decoding=\"async\" loading=\"lazy\" class=\"alignright\" src=\"http:\/\/ballon.hu\/verseny\/verspict\/ANG_task.gif\" alt=\"Sz\u00f6g - ANG (Angle)\" width=\"190\" height=\"116\" \/>Hasonl\u00f3 a K\u00f6ny\u00f6kh\u00f6z, de egy menetir\u00e1nyt meghat\u00e1roznak \u00e9s az erre bez\u00e1rt sz\u00f6get m\u00e9rik. A tomp\u00e1bb sz\u00f6g \u00e9s nagyobb ir\u00e1nyv\u00e1lt\u00e1s a menetir\u00e1nyban a jobb.<\/p>\n<p>&nbsp;<\/p>\n<p><strong>3D feladat &#8211; 3DT<\/strong> (3D Shape Task)<\/p>\n<p>Adott \u00e9rt\u00e9kel\u00e9si ter\u00fclete(ke)n kell a leghosszabb \u00fatvonalat berep\u00fclni.<\/p>\n<p><a href=\"http:\/\/ballon.hu\/wp-content\/uploads\/2013\/02\/3DTask.jpg\"><img decoding=\"async\" loading=\"lazy\" class=\"size-medium wp-image-284 alignleft\" src=\"http:\/\/ballon.hu\/wp-content\/uploads\/2013\/02\/3DTask-300x273.jpg\" alt=\"3DTask\" width=\"300\" height=\"273\" \/><\/a><\/p>\n<p>&nbsp;<\/p>\n<div align=\"center\">\n<p><script type=\"text\/javascript\">\/\/ <![CDATA[\ngoogle_ad_client = \"pub-2865779868887008\"; \/* 336x280, l\u00e9trehozva 2009.03.25. *\/ google_ad_slot = \"4573942302\"; google_ad_width = 336; google_ad_height = 280;\n\/\/ ]]><\/script><br \/>\n<script src=\"http:\/\/pagead2.googlesyndication.com\/pagead\/show_ads.js\" type=\"text\/javascript\">\/\/ <![CDATA[\n\n\/\/ ]]><\/script><\/p>\n<\/div>\n<p>&nbsp;<\/p>\n<p>&nbsp;<\/p>\n<p>&nbsp;<\/p>\n<p>&nbsp;<\/p>\n<p>&nbsp;<\/p>\n<p>&nbsp;<\/p>\n<!--CusAds0-->\n<div style=\"font-size: 0px; height: 0px; line-height: 0px; margin: 0; padding: 0; clear: both;\"><\/div>","protected":false},"excerpt":{"rendered":"<p>H\u0151l\u00e9gballon versenyeken a sorrend eld\u00f6nt\u00e9s\u00e9hez feladatokat kell v\u00e9grehajtani. Egy rep\u00fcl\u00e9s sor\u00e1n t\u00f6bb k\u00fcl\u00f6nb\u00f6z\u0151 feladat is lehet \u00e9s azokat \u00e1ltal\u00e1ban a napkelte ut\u00e1ni, illetve napnyugta el\u0151tti k\u00e9t-h\u00e1rom \u00f3r\u00e1ra tervezik. 20 k\u00fcl\u00f6nb\u00f6z\u0151 feladat t\u00edpust \u00edrtak el\u0151, de nem kell felt\u00e9tlen\u00fcl minden feladat t\u00edpust v\u00e9grehajtani egy versenyen. A feladatok kiv\u00e1laszt\u00e1s\u00e1t a helyi f\u00f6ldrajzi adotts\u00e1gok alapj\u00e1n a meteorol\u00f3giai szitu\u00e1ci\u00f3 [&hellip;]<\/p>\n","protected":false},"author":1,"featured_media":0,"parent":61,"menu_order":3,"comment_status":"open","ping_status":"closed","template":"","meta":[],"_links":{"self":[{"href":"https:\/\/ballon.hu\/index.php?rest_route=\/wp\/v2\/pages\/263"}],"collection":[{"href":"https:\/\/ballon.hu\/index.php?rest_route=\/wp\/v2\/pages"}],"about":[{"href":"https:\/\/ballon.hu\/index.php?rest_route=\/wp\/v2\/types\/page"}],"author":[{"embeddable":true,"href":"https:\/\/ballon.hu\/index.php?rest_route=\/wp\/v2\/users\/1"}],"replies":[{"embeddable":true,"href":"https:\/\/ballon.hu\/index.php?rest_route=%2Fwp%2Fv2%2Fcomments&post=263"}],"version-history":[{"count":4,"href":"https:\/\/ballon.hu\/index.php?rest_route=\/wp\/v2\/pages\/263\/revisions"}],"predecessor-version":[{"id":1230,"href":"https:\/\/ballon.hu\/index.php?rest_route=\/wp\/v2\/pages\/263\/revisions\/1230"}],"up":[{"embeddable":true,"href":"https:\/\/ballon.hu\/index.php?rest_route=\/wp\/v2\/pages\/61"}],"wp:attachment":[{"href":"https:\/\/ballon.hu\/index.php?rest_route=%2Fwp%2Fv2%2Fmedia&parent=263"}],"curies":[{"name":"wp","href":"https:\/\/api.w.org\/{rel}","templated":true}]}}