{"id":234,"date":"2013-02-12T10:11:10","date_gmt":"2013-02-12T09:11:10","guid":{"rendered":"http:\/\/ballon.hu\/?page_id=234"},"modified":"2013-02-12T10:11:10","modified_gmt":"2013-02-12T09:11:10","slug":"a-csapat-akik-a-ballonnal-dolgoznak","status":"publish","type":"page","link":"https:\/\/ballon.hu\/?page_id=234","title":{"rendered":"A csapat, akik a ballonnal dolgoznak"},"content":{"rendered":"<div class=\"91eb22c871f95e36a57e63c989c4ed82\" data-index=\"1\" style=\"float: none; margin:10px 0 10px 0; text-align:center;\">\n<script type=\"text\/javascript\"><!--\r\ngoogle_ad_client = \"ca-pub-2865779868887008\";\r\n\/* Android box *\/\r\ngoogle_ad_slot = \"1345074415\";\r\ngoogle_ad_width = 336;\r\ngoogle_ad_height = 280;\r\n\/\/-->\r\n<\/script>\r\n<script type=\"text\/javascript\"\r\nsrc=\"http:\/\/pagead2.googlesyndication.com\/pagead\/show_ads.js\">\r\n<\/script>\n<\/div>\n<div style=\"width: 310px\" class=\"wp-caption alignleft\"><img decoding=\"async\" loading=\"lazy\" alt=\"Munk\u00e1ban a ballonos csapattagok felsz\u00e1ll\u00e1s el\u0151tt\" src=\"http:\/\/ballon.hu\/ballonos\/ballspic\/csapat.jpg\" width=\"300\" height=\"244\" \/><p class=\"wp-caption-text\">Munk\u00e1ban a csapattagok felsz\u00e1ll\u00e1s el\u0151tt<\/p><\/div>\n<p>A ballonos csapat tagjai a pil\u00f3t\u00e1t seg\u00edtik, mert \u0151 az, aki a rep\u00fcl\u00e9st ir\u00e1ny\u00edtja. Egyed\u00fcl \u0151 nem tudja kezelni a ballont \u00e9s a k\u00f6vet\u0151j\u00e1rm\u0171vet. A csapatra sz\u00fcks\u00e9g van m\u00e1r\u00a0a ballon el\u0151k\u00e9sz\u00edt\u00e9s\u00e9t\u0151l kezdve. Ha ballon felsz\u00e1ll, akkor \u00e1ltal\u00e1ban nem ugyanott sz\u00e1ll le, ez\u00e9rt a sz\u00e1ll\u00edt\u00f3-k\u00f6vet\u0151 kocsit is a csapat tagjai kezelik, a t\u00f6bbi f\u00f6ld\u00f6n maradt eszk\u00f6zzel egy\u00fctt.<br \/>\nVerseny k\u00f6zben, ha nem tiltj\u00e1k meg, rep\u00fclhet egy navig\u00e1tor a versenyz\u0151vel, hogy seg\u00edtse a legjobb eredm\u00e9ny el\u00e9r\u00e9s\u00e9ben. A leveg\u0151b\u0151l azonban nem lehet a t\u00f6bbi ballon mozg\u00e1s\u00e1t pontosan k\u00f6vetni. A f\u00f6ldi csapat ebben is seg\u00edthet, valamint meteorol\u00f3gia \u00e9s versennyel kapcsolatos sz\u00fcks\u00e9ges inform\u00e1ci\u00f3kkal l\u00e1tj\u00e1k el pil\u00f3t\u00e1t.<\/p>\n<div style=\"width: 410px\" class=\"wp-caption alignright\"><img decoding=\"async\" loading=\"lazy\" alt=\"A vil\u00e1g legk\u00f6rnyezetbar\u00e1tabb ballonsz\u00e1ll\u00edt\u00f3 j\u00e1rm\u0171ve\" src=\"http:\/\/ballon.hu\/ballonos\/ballspic\/chase-vecs.jpg\" width=\"400\" height=\"317\" \/><p class=\"wp-caption-text\">A vil\u00e1g legk\u00f6rnyezetbar\u00e1tabb ballonsz\u00e1ll\u00edt\u00f3 j\u00e1rm\u0171ve<\/p><\/div>\n<p>Mint a k\u00e9pen is l\u00e1tszik, van amikor a csapat egy\u00fctt ker\u00fcl neh\u00e9z helyzetbe. A k\u00f6vet\u0151 aut\u00f3nk meghib\u00e1sod\u00e1sa miatt, azt hiszem nek\u00fcnk volt a vil\u00e1g legk\u00f6rnyezetbar\u00e1tabb ballonos sz\u00e1ll\u00edt\u00f3 j\u00e1rm\u0171v\u00fcnk. A negyedik csapattagot Samunak h\u00edvj\u00e1k \u00e9s Rom\u00e1ni\u00e1ban a bolg\u00e1r hat\u00e1r k\u00f6zel\u00e9ben volt &#8222;szerencs\u00e9nk&#8221; megismerkedni vele.<\/p>\n<!--CusAds0--><!--CusAds0-->\n<div style=\"font-size: 0px; height: 0px; line-height: 0px; margin: 0; padding: 0; clear: both;\"><\/div>","protected":false},"excerpt":{"rendered":"<p>A ballonos csapat tagjai a pil\u00f3t\u00e1t seg\u00edtik, mert \u0151 az, aki a rep\u00fcl\u00e9st ir\u00e1ny\u00edtja. Egyed\u00fcl \u0151 nem tudja kezelni a ballont \u00e9s a k\u00f6vet\u0151j\u00e1rm\u0171vet. A csapatra sz\u00fcks\u00e9g van m\u00e1r\u00a0a ballon el\u0151k\u00e9sz\u00edt\u00e9s\u00e9t\u0151l kezdve. Ha ballon felsz\u00e1ll, akkor \u00e1ltal\u00e1ban nem ugyanott sz\u00e1ll le, ez\u00e9rt a sz\u00e1ll\u00edt\u00f3-k\u00f6vet\u0151 kocsit is a csapat tagjai kezelik, a t\u00f6bbi f\u00f6ld\u00f6n maradt eszk\u00f6zzel [&hellip;]<\/p>\n","protected":false},"author":1,"featured_media":0,"parent":57,"menu_order":1,"comment_status":"open","ping_status":"open","template":"","meta":[],"_links":{"self":[{"href":"https:\/\/ballon.hu\/index.php?rest_route=\/wp\/v2\/pages\/234"}],"collection":[{"href":"https:\/\/ballon.hu\/index.php?rest_route=\/wp\/v2\/pages"}],"about":[{"href":"https:\/\/ballon.hu\/index.php?rest_route=\/wp\/v2\/types\/page"}],"author":[{"embeddable":true,"href":"https:\/\/ballon.hu\/index.php?rest_route=\/wp\/v2\/users\/1"}],"replies":[{"embeddable":true,"href":"https:\/\/ballon.hu\/index.php?rest_route=%2Fwp%2Fv2%2Fcomments&post=234"}],"version-history":[{"count":0,"href":"https:\/\/ballon.hu\/index.php?rest_route=\/wp\/v2\/pages\/234\/revisions"}],"up":[{"embeddable":true,"href":"https:\/\/ballon.hu\/index.php?rest_route=\/wp\/v2\/pages\/57"}],"wp:attachment":[{"href":"https:\/\/ballon.hu\/index.php?rest_route=%2Fwp%2Fv2%2Fmedia&parent=234"}],"curies":[{"name":"wp","href":"https:\/\/api.w.org\/{rel}","templated":true}]}}