{"id":177,"date":"2013-02-11T12:55:11","date_gmt":"2013-02-11T11:55:11","guid":{"rendered":"http:\/\/ballon.hu\/?page_id=177"},"modified":"2013-02-11T12:55:11","modified_gmt":"2013-02-11T11:55:11","slug":"vilagranglista","status":"publish","type":"page","link":"https:\/\/ballon.hu\/?page_id=177","title":{"rendered":"Vil\u00e1granglista"},"content":{"rendered":"<div class=\"91eb22c871f95e36a57e63c989c4ed82\" data-index=\"1\" style=\"float: none; margin:10px 0 10px 0; text-align:center;\">\n<script type=\"text\/javascript\"><!--\r\ngoogle_ad_client = \"ca-pub-2865779868887008\";\r\n\/* Android box *\/\r\ngoogle_ad_slot = \"1345074415\";\r\ngoogle_ad_width = 336;\r\ngoogle_ad_height = 280;\r\n\/\/-->\r\n<\/script>\r\n<script type=\"text\/javascript\"\r\nsrc=\"http:\/\/pagead2.googlesyndication.com\/pagead\/show_ads.js\">\r\n<\/script>\n<\/div>\n<p>A FAI CIA 2012-es vil\u00e1granglista els\u0151 25 helyezettje \u00e9s a magyarok az els\u0151 150-ben:<\/p>\n<p>1. John PETREHN USA 1.000,00 &#8211; SILVER &#8217;12, GOLD &#8217;10, GOLD &#8217;06<br \/>\n2. Nick DONNER USA 974,06 &#8211; GOLD &#8217;12, SILVER &#8217;10<br \/>\n3. Stefan ZEBERLI SUI 958,49 &#8211; BRONZE &#8217;10<br \/>\n4. Yudai FUJITA JPN 941,87 &#8211; BRONZE &#8217;12<br \/>\n5. Uwe SCHNEIDER GER 932,08 &#8211; BRONZE &#8217;06, SILVER &#8217;04<br \/>\n6. Sergey LATYPOV RUS 911,25<br \/>\n7. Takao MIZUKAMI JPN 881,74<br \/>\n8. David BAREFORD GBR 879,46 &#8211; GOLD &#8217;02<br \/>\n9. Joe HEARTSILL USA 875,61 &#8211; SILVER &#8217;06<br \/>\n10. Nicolas SCHWARZ FRA 863,14<br \/>\n11. Lupercio LIMA BRA 858,61<br \/>\n12. Francois MESSINES FRA 848,85 &#8211; GOLD &#8217;08<br \/>\n13. Rimas KOSTIUSKEVICIUS LTU 832,43<br \/>\n14. Pavel MERINSKY CZE 830,40<br \/>\n15. Joe ZVADA USA 823,56<br \/>\n16. Stephane BOLZE FRA 821,05 &#8211; BRONZE &#8217;08<br \/>\n17. Michael SUCHY CZE 815,45<br \/>\n18. Patrick LEGENDRE FRA 813,24<br \/>\n19. Luis SILVESTRE BRA 805,65<br \/>\n20. Paul PETREHN USA 804,19<br \/>\n21. Henk BROEDERS NED 790,97<br \/>\n22. Pavel KOSTRHUN CZE 773,66<br \/>\n23. Petr KUBICEK CZE 772,36<br \/>\n24. Janne BALKEDAL SWE 770,70 &#8211; BRONZE &#8217;02<br \/>\n25. Jan TIMMERS BEL 768,32<br \/>\n&#8230;<br \/>\n74. \u00a0S\u00e1ndor T\u00d6R\u00d6K HUN 588,46<br \/>\n&#8230;<br \/>\n141. \u00a0S\u00e1ndor \u00a0V\u00c9GH HUN 436,68<\/p>\n<p><strong>Az els\u0151 25-ben:<\/strong><br \/>\n2012-ben 0 magyar 4 cseh,<br \/>\n2004-ben 1 magyar 0 cseh,<br \/>\n2000-ben 3 magyar 1 cseh volt.<\/p>\n<p><strong>H\u0151l\u00e9gballonosok eddigi vil\u00e1granglist\u00e1i:<\/strong><\/p>\n<table id=\"file-container-catid-160\" cellpadding=\"5px\">\n<tbody>\n<tr>\n<td align=\"left\"><span style=\"color: #444444;\"><a href=\"http:\/\/www.fai.org\/component\/phocadownload\/category\/?download=6144:cia-world-ranking-list-2012\">CIA World Ranking List &#8211; 2012<\/a>\u00a0\u00a0<small>(27.31 KB)<\/small><\/span><\/td>\n<td align=\"right\" width=\"150px\"><span style=\"font-size: 12px; line-height: 18px;\">21 DECEMBER 2012<\/span><\/td>\n<\/tr>\n<tr>\n<td align=\"left\"><span style=\"color: #444444;\"><a href=\"http:\/\/www.fai.org\/component\/phocadownload\/category\/?download=1182:cia-csc-wrl-2010-top150\">CIA World Ranking List &#8211; 2010-top150<\/a>\u00a0\u00a0<small>(27.00 KB)<\/small><\/span><\/td>\n<td align=\"right\" width=\"150px\"><span style=\"font-size: 12px; line-height: 18px;\">19 AUGUST 2011<\/span><\/td>\n<\/tr>\n<tr>\n<td align=\"left\"><span style=\"color: #444444;\"><a href=\"http:\/\/www.fai.org\/component\/phocadownload\/category\/?download=1181:cia-csc-wrl-2010-full\">CIA World Ranking List &#8211; 2010-Full<\/a>\u00a0\u00a0<small>(329.99 KB)<\/small><\/span><\/td>\n<td align=\"right\" width=\"150px\"><span style=\"font-size: 12px; line-height: 18px;\">19 AUGUST 2011<\/span><\/td>\n<\/tr>\n<tr>\n<td align=\"left\"><span style=\"color: #444444;\"><a href=\"http:\/\/www.fai.org\/component\/phocadownload\/category\/?download=1180:cia-csc-wrl-2009-top150\">CIA World Ranking List &#8211; 2009-top150<\/a>\u00a0\u00a0<small>(57.22 KB)<\/small><\/span><\/td>\n<td align=\"right\" width=\"150px\"><span style=\"font-size: 12px; line-height: 18px;\">19 AUGUST 2011<\/span><\/td>\n<\/tr>\n<tr>\n<td align=\"left\"><span style=\"color: #444444;\"><a href=\"http:\/\/www.fai.org\/component\/phocadownload\/category\/?download=1179:cia-csc-wrl-2009-full\">CIA World Ranking List &#8211; 2009-full<\/a>\u00a0\u00a0<small>(97.48 KB)<\/small><\/span><\/td>\n<td align=\"right\" width=\"150px\"><span style=\"font-size: 12px; line-height: 18px;\">19 AUGUST 2011<\/span><\/td>\n<\/tr>\n<tr>\n<td align=\"left\"><span style=\"color: #444444;\"><a href=\"http:\/\/www.fai.org\/component\/phocadownload\/category\/?download=1178:cia-csc-wrl-2007\">CIA World Ranking List &#8211; 2007<\/a>\u00a0\u00a0<small>(40.42 KB)<\/small><\/span><\/td>\n<td align=\"right\" width=\"150px\"><span style=\"font-size: 12px; line-height: 18px;\">19 AUGUST 2011<\/span><\/td>\n<\/tr>\n<tr>\n<td align=\"left\"><span style=\"color: #444444;\"><a href=\"http:\/\/www.fai.org\/component\/phocadownload\/category\/?download=1177:cia-csc-wrl-2007-detail\">CIA World Ranking List &#8211; 2007-detail<\/a>\u00a0\u00a0<small>(184.39 KB)<\/small><\/span><\/td>\n<td align=\"right\" width=\"150px\"><span style=\"font-size: 12px; line-height: 18px;\">19 AUGUST 2011<\/span><\/td>\n<\/tr>\n<tr>\n<td align=\"left\"><span style=\"color: #444444;\"><a href=\"http:\/\/www.fai.org\/component\/phocadownload\/category\/?download=1176:cia-csc-wrl-2006\">CIA World Ranking List &#8211; 2006<\/a>\u00a0\u00a0<small>(124.00 KB)<\/small><\/span><\/td>\n<td align=\"right\" width=\"150px\"><span style=\"font-size: 12px; line-height: 18px;\">19 AUGUST 2011<\/span><\/td>\n<\/tr>\n<tr>\n<td align=\"left\"><span style=\"color: #444444;\"><a href=\"http:\/\/www.fai.org\/component\/phocadownload\/category\/?download=1174:cia-csc-wrl-2004\">CIA World Ranking List &#8211; 2004<\/a>\u00a0\u00a0<small>(189.07 KB)<\/small><\/span><\/td>\n<td align=\"right\" width=\"150px\"><span style=\"font-size: 12px; line-height: 18px;\">19 AUGUST 2011<\/span><\/td>\n<\/tr>\n<tr>\n<td align=\"left\"><span style=\"color: #444444;\"><a href=\"http:\/\/www.fai.org\/component\/phocadownload\/category\/?download=1173:cia-csc-wrl-2002\">CIA World Ranking List &#8211; 2002 (Sept)<\/a>\u00a0\u00a0<small>(100.00 KB)<\/small><\/span><\/td>\n<td align=\"right\" width=\"150px\"><span style=\"font-size: 12px; line-height: 18px;\">19 AUGUST 2011<\/span><\/td>\n<\/tr>\n<tr>\n<td align=\"left\"><span style=\"color: #444444;\"><a href=\"http:\/\/www.fai.org\/component\/phocadownload\/category\/?download=1172:cia-csc-wrl-2002\">CIA World Ranking List &#8211; 2002 (April)<\/a>\u00a0\u00a0<small>(59.16 KB)<\/small><\/span><\/td>\n<td align=\"right\" width=\"150px\"><span style=\"font-size: 12px; line-height: 18px;\">19 AUGUST 2011<\/span><\/td>\n<\/tr>\n<tr>\n<td align=\"left\"><span style=\"color: #444444;\"><a href=\"http:\/\/www.fai.org\/component\/phocadownload\/category\/?download=1171:cia-csc-wrl-2001\">CIA World Ranking List &#8211; 2001<\/a>\u00a0\u00a0<small>(71.50 KB)<\/small><\/span><\/td>\n<td align=\"right\" width=\"150px\"><span style=\"font-size: 12px; line-height: 18px;\">19 AUGUST 2011<\/span><\/td>\n<\/tr>\n<tr>\n<td align=\"left\"><span style=\"color: #444444;\"><a href=\"http:\/\/www.fai.org\/component\/phocadownload\/category\/?download=1170:cia-csc-wrl-2000\">CIA World Ranking List &#8211; 2000<\/a>\u00a0\u00a0<small>(74.50 KB)<\/small><\/span><\/td>\n<td align=\"right\" width=\"150px\"><span style=\"font-size: 12px; line-height: 18px;\">19 AUGUST 2011<\/span><\/td>\n<\/tr>\n<\/tbody>\n<\/table>\n<!--CusAds0--><!--CusAds0-->\n<div style=\"font-size: 0px; height: 0px; line-height: 0px; margin: 0; padding: 0; clear: both;\"><\/div>","protected":false},"excerpt":{"rendered":"<p>A FAI CIA 2012-es vil\u00e1granglista els\u0151 25 helyezettje \u00e9s a magyarok az els\u0151 150-ben: 1. John PETREHN USA 1.000,00 &#8211; SILVER &#8217;12, GOLD &#8217;10, GOLD &#8217;06 2. Nick DONNER USA 974,06 &#8211; GOLD &#8217;12, SILVER &#8217;10 3. Stefan ZEBERLI SUI 958,49 &#8211; BRONZE &#8217;10 4. Yudai FUJITA JPN 941,87 &#8211; BRONZE &#8217;12 5. Uwe SCHNEIDER [&hellip;]<\/p>\n","protected":false},"author":1,"featured_media":0,"parent":61,"menu_order":4,"comment_status":"open","ping_status":"closed","template":"","meta":[],"_links":{"self":[{"href":"https:\/\/ballon.hu\/index.php?rest_route=\/wp\/v2\/pages\/177"}],"collection":[{"href":"https:\/\/ballon.hu\/index.php?rest_route=\/wp\/v2\/pages"}],"about":[{"href":"https:\/\/ballon.hu\/index.php?rest_route=\/wp\/v2\/types\/page"}],"author":[{"embeddable":true,"href":"https:\/\/ballon.hu\/index.php?rest_route=\/wp\/v2\/users\/1"}],"replies":[{"embeddable":true,"href":"https:\/\/ballon.hu\/index.php?rest_route=%2Fwp%2Fv2%2Fcomments&post=177"}],"version-history":[{"count":0,"href":"https:\/\/ballon.hu\/index.php?rest_route=\/wp\/v2\/pages\/177\/revisions"}],"up":[{"embeddable":true,"href":"https:\/\/ballon.hu\/index.php?rest_route=\/wp\/v2\/pages\/61"}],"wp:attachment":[{"href":"https:\/\/ballon.hu\/index.php?rest_route=%2Fwp%2Fv2%2Fmedia&parent=177"}],"curies":[{"name":"wp","href":"https:\/\/api.w.org\/{rel}","templated":true}]}}