{"id":174,"date":"2013-02-11T12:37:38","date_gmt":"2013-02-11T11:37:38","guid":{"rendered":"http:\/\/ballon.hu\/?page_id=174"},"modified":"2013-02-11T12:37:38","modified_gmt":"2013-02-11T11:37:38","slug":"174-2","status":"publish","type":"page","link":"https:\/\/ballon.hu\/?page_id=174","title":{"rendered":"Magyar ballonok"},"content":{"rendered":"<div class=\"91eb22c871f95e36a57e63c989c4ed82\" data-index=\"1\" style=\"float: none; margin:10px 0 10px 0; text-align:center;\">\n<script type=\"text\/javascript\"><!--\r\ngoogle_ad_client = \"ca-pub-2865779868887008\";\r\n\/* Android box *\/\r\ngoogle_ad_slot = \"1345074415\";\r\ngoogle_ad_width = 336;\r\ngoogle_ad_height = 280;\r\n\/\/-->\r\n<\/script>\r\n<script type=\"text\/javascript\"\r\nsrc=\"http:\/\/pagead2.googlesyndication.com\/pagead\/show_ads.js\">\r\n<\/script>\n<\/div>\n<div style=\"width: 160px\" class=\"wp-caption alignleft\"><img decoding=\"async\" loading=\"lazy\" alt=\"\" src=\"http:\/\/ballon.hu\/ballonok\/ballpict\/HA725ss.jpg\" width=\"150\" height=\"188\" \/><p class=\"wp-caption-text\">Magyar ballonok<\/p><\/div>\n<p>Ezeken az oldalakon megtal\u00e1lj\u00e1tok az \u00f6sszes magyar lajstromoz\u00e1s\u00fa h\u0151l\u00e9gballont, formaballont, g\u00e1zballont \u00e9s h\u0151l\u00e9ghaj\u00f3t <em>(2005-ig!)<\/em>. A legt\u00f6bb, 45 db az\u00a0<a href=\"http:\/\/ballon.hu\/ballonok\/ax8ball.htm\">AX-8<\/a>-as m\u00e9retkateg\u00f3ri\u00e1b\u00f3l m\u0171k\u00f6d\u00f6tt.\u00a0<a href=\"http:\/\/ballon.hu\/ballonok\/ax7ball.htm\">AX-7<\/a>-es 37 db,\u00a0<a href=\"http:\/\/ballon.hu\/ballonok\/ax9ball.htm\">AX-9<\/a>-es 25 db,\u00a0<a href=\"http:\/\/ballon.hu\/ballonok\/egyebball.htm\">AX-6<\/a>-os 5 db,\u00a0<a href=\"http:\/\/ballon.hu\/ballonok\/egyebball.htm\">AX-1-5<\/a>\u00a0m\u00e9retkateg\u00f3ri\u00e1kban 4 db \u00e9s\u00a0<a href=\"http:\/\/ballon.hu\/ballonok\/egyebball.htm\">AX-10<\/a>-es 2 db \u00fczemelt. 3 db formaballon rep\u00fclt \u00e9s volt egy g\u00e1zballon is\u00a0<a href=\"http:\/\/ballon.hu\/ballonok\/egyebball.htm\">AA-10<\/a>-es m\u00e9retkateg\u00f3ri\u00e1ban, de az csak kik\u00f6t\u00f6tten m\u0171k\u00f6dik.<br \/>\nA k\u00f6nnyebb \u00e1ttekinthet\u0151s\u00e9g kedv\u00e9\u00e9rt 4 oldalon tal\u00e1lj\u00e1tok a ballonokat:<\/p>\n<table width=\"78%\" border=\"00\" cellspacing=\"0\">\n<tbody>\n<tr>\n<td>\n<div align=\"center\"><a href=\"http:\/\/ballon.hu\/ballonok\/ax7ball.htm\">AX-7-es h\u0151l\u00e9gballonok<\/a><\/div>\n<\/td>\n<td colspan=\"2\">\n<div align=\"center\"><a href=\"http:\/\/ballon.hu\/ballonok\/ax8ball.htm\">AX-8-as h\u0151l\u00e9gballonok<\/a><\/div>\n<\/td>\n<\/tr>\n<tr>\n<td>\n<div align=\"center\"><a href=\"http:\/\/ballon.hu\/ballonok\/ax9ball.htm\">AX-9-es h\u0151l\u00e9gballonok<\/a><\/div>\n<\/td>\n<td colspan=\"2\">\n<div align=\"center\"><a href=\"http:\/\/ballon.hu\/ballonok\/egyebball.htm\">Egy\u00e9b ballonok<\/a><\/div>\n<\/td>\n<\/tr>\n<\/tbody>\n<\/table>\n<p>Minden ballon lajstromjele mellett megn\u00e9zhetitek, hogy ki volt a tulajdonosa, melyik\u00a0<a href=\"http:\/\/ballon.hu\/ballonos\/ballklub.htm\">klub<\/a>\u00a0\u00fczemeltette, mikor gy\u00e1rtott\u00e1k, mikor volt az utols\u00f3 m\u0171szaki berep\u00fcl\u00e9se vagy esetleg lej\u00e1rt-e a l\u00e9gialkalmass\u00e1gi bizony\u00edtv\u00e1nya\u00a0<em>(2005-ig voltak friss adatok)\u00a0<\/em>\u00e9s\u00a0<a href=\"http:\/\/ballon.hu\/tortenet\/bgyartok.htm\">ki gy\u00e1rtotta<\/a>. A ballonok adatai mellett a f\u00e9nyk\u00e9peket is tal\u00e1lsz. Ha egy k\u00e9pre kattintasz, akkor megn\u00e9zheted nagyobb m\u00e9retben is.<\/p>\n<p>Mi\u00e9rt csak 2005-ig vannak adatok? A ballon.hu 2005-ben megjelent els\u0151 verzi\u00f3j\u00e1nak <a href=\"http:\/\/ballon.hu\/ballonok\/magyball.htm\" target=\"_blank\">ezen az oldal\u00e1n<\/a> ez a mondat olvashat\u00f3:<\/p>\n<p style=\"text-align: left;\"><em>&#8222;Az adatokat igyekszem karbantartani, de lehets\u00e9gesek elt\u00e9r\u00e9sek. Ha tal\u00e1ltok ilyet, k\u00e9rem jelezz\u00e9tek.&#8221;<\/em><\/p>\n<p>Sajnos nem volt karbantart\u00e1s. A friss adatok sz\u00e1momra m\u00e1r nem el\u00e9rhet\u0151ek \u00e9s senki nem vette a f\u00e1radts\u00e1got, hogy t\u00e1j\u00e9koztasson ak\u00e1r a saj\u00e1t adatair\u00f3l&#8230;<\/p><!--CusAds0-->\n<p>&nbsp;<\/p>\n<p>&nbsp;<\/p>\n<p>&nbsp;<\/p>\n<!--CusAds0-->\n<div style=\"font-size: 0px; height: 0px; line-height: 0px; margin: 0; padding: 0; clear: both;\"><\/div>","protected":false},"excerpt":{"rendered":"<p>Ezeken az oldalakon megtal\u00e1lj\u00e1tok az \u00f6sszes magyar lajstromoz\u00e1s\u00fa h\u0151l\u00e9gballont, formaballont, g\u00e1zballont \u00e9s h\u0151l\u00e9ghaj\u00f3t (2005-ig!). A legt\u00f6bb, 45 db az\u00a0AX-8-as m\u00e9retkateg\u00f3ri\u00e1b\u00f3l m\u0171k\u00f6d\u00f6tt.\u00a0AX-7-es 37 db,\u00a0AX-9-es 25 db,\u00a0AX-6-os 5 db,\u00a0AX-1-5\u00a0m\u00e9retkateg\u00f3ri\u00e1kban 4 db \u00e9s\u00a0AX-10-es 2 db \u00fczemelt. 3 db formaballon rep\u00fclt \u00e9s volt egy g\u00e1zballon is\u00a0AA-10-es m\u00e9retkateg\u00f3ri\u00e1ban, de az csak kik\u00f6t\u00f6tten m\u0171k\u00f6dik. A k\u00f6nnyebb \u00e1ttekinthet\u0151s\u00e9g kedv\u00e9\u00e9rt 4 oldalon tal\u00e1lj\u00e1tok [&hellip;]<\/p>\n","protected":false},"author":1,"featured_media":0,"parent":53,"menu_order":5,"comment_status":"open","ping_status":"open","template":"","meta":[],"_links":{"self":[{"href":"https:\/\/ballon.hu\/index.php?rest_route=\/wp\/v2\/pages\/174"}],"collection":[{"href":"https:\/\/ballon.hu\/index.php?rest_route=\/wp\/v2\/pages"}],"about":[{"href":"https:\/\/ballon.hu\/index.php?rest_route=\/wp\/v2\/types\/page"}],"author":[{"embeddable":true,"href":"https:\/\/ballon.hu\/index.php?rest_route=\/wp\/v2\/users\/1"}],"replies":[{"embeddable":true,"href":"https:\/\/ballon.hu\/index.php?rest_route=%2Fwp%2Fv2%2Fcomments&post=174"}],"version-history":[{"count":0,"href":"https:\/\/ballon.hu\/index.php?rest_route=\/wp\/v2\/pages\/174\/revisions"}],"up":[{"embeddable":true,"href":"https:\/\/ballon.hu\/index.php?rest_route=\/wp\/v2\/pages\/53"}],"wp:attachment":[{"href":"https:\/\/ballon.hu\/index.php?rest_route=%2Fwp%2Fv2%2Fmedia&parent=174"}],"curies":[{"name":"wp","href":"https:\/\/api.w.org\/{rel}","templated":true}]}}