{"id":82,"date":"2013-02-10T22:17:17","date_gmt":"2013-02-10T21:17:17","guid":{"rendered":"http:\/\/ballon.hu\/?page_id=82"},"modified":"2023-04-25T12:24:48","modified_gmt":"2023-04-25T10:24:48","slug":"szeged","status":"publish","type":"page","link":"http:\/\/ballon.hu\/?page_id=82","title":{"rendered":"Szeged"},"content":{"rendered":"<div class=\"71412af0e73d5d7388caca345de1e9dd\" data-index=\"1\" style=\"float: none; margin:10px 0 10px 0; text-align:center;\">\n<script type=\"text\/javascript\"><!--\r\ngoogle_ad_client = \"ca-pub-2865779868887008\";\r\n\/* Android box *\/\r\ngoogle_ad_slot = \"1345074415\";\r\ngoogle_ad_width = 336;\r\ngoogle_ad_height = 280;\r\n\/\/-->\r\n<\/script>\r\n<script type=\"text\/javascript\"\r\nsrc=\"http:\/\/pagead2.googlesyndication.com\/pagead\/show_ads.js\">\r\n<\/script>\n<\/div>\n\n<p><a href=\"http:\/\/www.aviationweather.gov\/adds\/metars\/index?station_ids=LHUD&amp;std_trans=standard&amp;chk_metars=on&amp;hoursStr=past+6+hours&amp;submitmet=Submit\" target=\"_blank\" rel=\"noopener noreferrer\">Szeged rep\u00fcl\u0151t\u00e9r METAR adatai, utols\u00f3 6 \u00f3ra<\/a>&nbsp;&nbsp;(<a href=\"http:\/\/ballon.hu\/?p=1152\">METAR \u00e9rtelmez\u0151<\/a>)<\/p>\n<p><iframe loading=\"lazy\" src=\"https:\/\/embed.windyty.com\/?46.256,20.171,7,menu,message,marker\" width=\"640\" height=\"640\" frameborder=\"0\"><\/iframe><\/p>\n<p>Szeged meteogram 5 napra<\/p>\n<img decoding=\"async\" loading=\"lazy\" class=\" \" src=\"https:\/\/www.meteoblue.com\/meteogram-web?lon=20.15&amp;lat=46.25&amp;asl=117&amp;tz=Europe_Budapest&amp;lang=en&amp;look=CELSIUS,KILOMETER_PER_HOUR%22\" alt=\"Szeged meteogram\" width=\"640\" height=\"423\">\n<p>Szeged <a href=\"https:\/\/www.meteoblue.com\/hu\/id%C5%91j%C3%A1r%C3%A1s\/el%C5%91rejelz%C3%A9s\/air\/szeged_magyarorsz%C3%A1g_715429\" target=\"_blank\" rel=\"noopener noreferrer\">airgram<\/a> 3 napra, radark\u00e9pek: <a href=\"http:\/\/www.idokep.hu\/radar\" target=\"_blank\" rel=\"noopener noreferrer\">Idokep.hu<\/a>, <a href=\"http:\/\/m.koponyeg.hu\/?m=radarkep\" target=\"_blank\" rel=\"noopener noreferrer\">m.koponyeg.hu<\/a>,&nbsp;<a href=\"http:\/\/www.radareu.cz\/?lng=uk&amp;core=mc\" target=\"_blank\" rel=\"noopener noreferrer\">radareu.cz<\/a>,&nbsp;<a href=\"http:\/\/www.meteo.pl\/index_en.php\" target=\"_blank\" rel=\"noopener noreferrer\">meteo.pl<\/a>,&nbsp;<a href=\"http:\/\/weather.uwyo.edu\/upperair\/sounding.html\" target=\"_blank\" rel=\"noopener noreferrer\">Wind obs<\/a>,&nbsp;<a href=\"https:\/\/www.idokep.hu\/webkamera\/vitorlaskikoto2\" target=\"_blank\" rel=\"noopener noreferrer\">webcam Vitorl\u00e1skik\u00f6t\u01512<\/a>,&nbsp;<a href=\"https:\/\/aviation.met.hu\/index2.php?lng=hu\" target=\"_blank\" rel=\"noopener noreferrer\">aviaton.met.hu<\/a>,&nbsp;<a href=\"https:\/\/www.met.hu\/en\/idojaras\/aktualis_idojaras\/egkep\/Szeged\/\" target=\"_blank\" rel=\"noopener noreferrer\">D\u00f3m webcam<\/a>,&nbsp;<a href=\"https:\/\/www.ipcamlive.com\/5b051be69f7ab\" target=\"_blank\" rel=\"noopener noreferrer\">\u2022<\/a><\/p>\n<!--CusAds0--><!--CusAds0-->\n<div style=\"font-size: 0px; height: 0px; line-height: 0px; margin: 0; padding: 0; clear: both;\"><\/div>","protected":false},"excerpt":{"rendered":"<p>Szeged rep\u00fcl\u0151t\u00e9r METAR adatai, utols\u00f3 6 \u00f3ra&nbsp;&nbsp;(METAR \u00e9rtelmez\u0151) Szeged meteogram 5 napra Szeged airgram 3 napra, radark\u00e9pek: Idokep.hu, m.koponyeg.hu,&nbsp;radareu.cz,&nbsp;meteo.pl,&nbsp;Wind obs,&nbsp;webcam Vitorl\u00e1skik\u00f6t\u01512,&nbsp;aviaton.met.hu,&nbsp;D\u00f3m webcam,&nbsp;\u2022<\/p>\n","protected":false},"author":1,"featured_media":0,"parent":72,"menu_order":4,"comment_status":"open","ping_status":"open","template":"","meta":[],"_links":{"self":[{"href":"http:\/\/ballon.hu\/index.php?rest_route=\/wp\/v2\/pages\/82"}],"collection":[{"href":"http:\/\/ballon.hu\/index.php?rest_route=\/wp\/v2\/pages"}],"about":[{"href":"http:\/\/ballon.hu\/index.php?rest_route=\/wp\/v2\/types\/page"}],"author":[{"embeddable":true,"href":"http:\/\/ballon.hu\/index.php?rest_route=\/wp\/v2\/users\/1"}],"replies":[{"embeddable":true,"href":"http:\/\/ballon.hu\/index.php?rest_route=%2Fwp%2Fv2%2Fcomments&post=82"}],"version-history":[{"count":28,"href":"http:\/\/ballon.hu\/index.php?rest_route=\/wp\/v2\/pages\/82\/revisions"}],"predecessor-version":[{"id":1492,"href":"http:\/\/ballon.hu\/index.php?rest_route=\/wp\/v2\/pages\/82\/revisions\/1492"}],"up":[{"embeddable":true,"href":"http:\/\/ballon.hu\/index.php?rest_route=\/wp\/v2\/pages\/72"}],"wp:attachment":[{"href":"http:\/\/ballon.hu\/index.php?rest_route=%2Fwp%2Fv2%2Fmedia&parent=82"}],"curies":[{"name":"wp","href":"https:\/\/api.w.org\/{rel}","templated":true}]}}