{"id":61,"date":"2013-02-10T21:29:02","date_gmt":"2013-02-10T20:29:02","guid":{"rendered":"http:\/\/ballon.hu\/?page_id=61"},"modified":"2013-02-10T21:29:02","modified_gmt":"2013-02-10T20:29:02","slug":"versenyek","status":"publish","type":"page","link":"http:\/\/ballon.hu\/?page_id=61","title":{"rendered":"Versenyek"},"content":{"rendered":"<div class=\"71412af0e73d5d7388caca345de1e9dd\" data-index=\"1\" style=\"float: none; margin:10px 0 10px 0; text-align:center;\">\n<script type=\"text\/javascript\"><!--\r\ngoogle_ad_client = \"ca-pub-2865779868887008\";\r\n\/* Android box *\/\r\ngoogle_ad_slot = \"1345074415\";\r\ngoogle_ad_width = 336;\r\ngoogle_ad_height = 280;\r\n\/\/-->\r\n<\/script>\r\n<script type=\"text\/javascript\"\r\nsrc=\"http:\/\/pagead2.googlesyndication.com\/pagead\/show_ads.js\">\r\n<\/script>\n<\/div>\n<p>A\u00a0<a href=\"http:\/\/ballon.hu\/?page_id=262\">ballonversenyeken<\/a>\u00a0<a href=\"http:\/\/ballon.hu\/?page_id=263\">feladatokat<\/a>\u00a0kell teljes\u00edteni, amit a rep\u00fcl\u00e9sek el\u0151tt hirdetnek ki az eligaz\u00edt\u00e1sokon. Egy-egy rep\u00fcl\u00e9s sor\u00e1n egy vagy t\u00f6bb\u00a0<a href=\"http:\/\/ballon.hu\/verseny\/feladatok.htm\">feladat<\/a>\u00a0is lehet. A versenyrendszer hasonl\u00f3 m\u00e1s sport\u00e1gak sziszt\u00e9m\u00e1j\u00e1hoz. Orsz\u00e1gokon bel\u00fcl rendeznek\u00a0min\u0151s\u00edt\u0151 versenyeket\u00a0\u00e9s\u00a0<a href=\"http:\/\/ballon.hu\/?page_id=275\">Nemzeti Bajnoks\u00e1got<\/a>. Ezek eredm\u00e9nyei meghat\u00e1rozz\u00e1k a v\u00e1logatott keret tagjait, akik a\u00a0ranglista\u00a0els\u0151 hat helyezetje \u00e9s \u0151k k\u00e9pviselhetik haz\u00e1nkat az Eur\u00f3pa Bajnoks\u00e1gon, Vil\u00e1gbajnoks\u00e1gon vagy a L\u00e9gi Vil\u00e1gj\u00e1t\u00e9kokon, a megh\u00edv\u00e1sok sz\u00e1m\u00e1nak f\u00fcggv\u00e9ny\u00e9ben. A versenyeken k\u00edv\u00fcl rendeznek\u00a0tal\u00e1lkoz\u00f3kat\u00a0is, ahol t\u00f6bbsz\u00f6r megtal\u00e1lhatjuk a k\u00fcl\u00f6nleges alak\u00fa formaballonokat is, mert ott nem a verseng\u00e9s az els\u0151dleges c\u00e9l. A versenyek, tal\u00e1lkoz\u00f3k hely\u00e9t \u00e9s idej\u00e9t a\u00a0<a href=\"http:\/\/ballon.hu\/?page_id=278\">versenynapt\u00e1rban<\/a>\u00a0tal\u00e1lod meg.<\/p>\n<!--CusAds0--><!--CusAds0-->\n<div style=\"font-size: 0px; height: 0px; line-height: 0px; margin: 0; padding: 0; clear: both;\"><\/div>","protected":false},"excerpt":{"rendered":"<p>A\u00a0ballonversenyeken\u00a0feladatokat\u00a0kell teljes\u00edteni, amit a rep\u00fcl\u00e9sek el\u0151tt hirdetnek ki az eligaz\u00edt\u00e1sokon. Egy-egy rep\u00fcl\u00e9s sor\u00e1n egy vagy t\u00f6bb\u00a0feladat\u00a0is lehet. A versenyrendszer hasonl\u00f3 m\u00e1s sport\u00e1gak sziszt\u00e9m\u00e1j\u00e1hoz. Orsz\u00e1gokon bel\u00fcl rendeznek\u00a0min\u0151s\u00edt\u0151 versenyeket\u00a0\u00e9s\u00a0Nemzeti Bajnoks\u00e1got. Ezek eredm\u00e9nyei meghat\u00e1rozz\u00e1k a v\u00e1logatott keret tagjait, akik a\u00a0ranglista\u00a0els\u0151 hat helyezetje \u00e9s \u0151k k\u00e9pviselhetik haz\u00e1nkat az Eur\u00f3pa Bajnoks\u00e1gon, Vil\u00e1gbajnoks\u00e1gon vagy a L\u00e9gi Vil\u00e1gj\u00e1t\u00e9kokon, a megh\u00edv\u00e1sok sz\u00e1m\u00e1nak f\u00fcggv\u00e9ny\u00e9ben. [&hellip;]<\/p>\n","protected":false},"author":1,"featured_media":0,"parent":0,"menu_order":3,"comment_status":"open","ping_status":"open","template":"","meta":[],"_links":{"self":[{"href":"http:\/\/ballon.hu\/index.php?rest_route=\/wp\/v2\/pages\/61"}],"collection":[{"href":"http:\/\/ballon.hu\/index.php?rest_route=\/wp\/v2\/pages"}],"about":[{"href":"http:\/\/ballon.hu\/index.php?rest_route=\/wp\/v2\/types\/page"}],"author":[{"embeddable":true,"href":"http:\/\/ballon.hu\/index.php?rest_route=\/wp\/v2\/users\/1"}],"replies":[{"embeddable":true,"href":"http:\/\/ballon.hu\/index.php?rest_route=%2Fwp%2Fv2%2Fcomments&post=61"}],"version-history":[{"count":0,"href":"http:\/\/ballon.hu\/index.php?rest_route=\/wp\/v2\/pages\/61\/revisions"}],"wp:attachment":[{"href":"http:\/\/ballon.hu\/index.php?rest_route=%2Fwp%2Fv2%2Fmedia&parent=61"}],"curies":[{"name":"wp","href":"https:\/\/api.w.org\/{rel}","templated":true}]}}