{"id":53,"date":"2013-02-10T21:22:27","date_gmt":"2013-02-10T20:22:27","guid":{"rendered":"http:\/\/ballon.hu\/?page_id=53"},"modified":"2016-05-04T11:27:11","modified_gmt":"2016-05-04T11:27:11","slug":"ballonok","status":"publish","type":"page","link":"http:\/\/ballon.hu\/?page_id=53","title":{"rendered":"Ballonok"},"content":{"rendered":"<div class=\"71412af0e73d5d7388caca345de1e9dd\" data-index=\"1\" style=\"float: none; margin:10px 0 10px 0; text-align:center;\">\n<script type=\"text\/javascript\"><!--\r\ngoogle_ad_client = \"ca-pub-2865779868887008\";\r\n\/* Android box *\/\r\ngoogle_ad_slot = \"1345074415\";\r\ngoogle_ad_width = 336;\r\ngoogle_ad_height = 280;\r\n\/\/-->\r\n<\/script>\r\n<script type=\"text\/javascript\"\r\nsrc=\"http:\/\/pagead2.googlesyndication.com\/pagead\/show_ads.js\">\r\n<\/script>\n<\/div>\n<div style=\"width: 210px\" class=\"wp-caption alignleft\"><img decoding=\"async\" loading=\"lazy\" src=\"http:\/\/ballon.hu\/ballonok\/ballpict\/Futott-nyul.jpg\" alt=\"K\u00fcl\u00f6nleges alak\u00fa h\u0151l\u00e9gballon\" width=\"200\" height=\"225\" \/><p class=\"wp-caption-text\">K\u00fcl\u00f6nleges alak\u00fa h\u0151l\u00e9gballon<\/p><\/div>\n<p align=\"justify\">Ballonokb\u00f3l nagyon sokf\u00e9le van. Hivatalosan \u00f6t aloszt\u00e1lyba sorolj\u00e1k \u0151ket, de pl. a\u00a0<a href=\"http:\/\/ballon.hu\/?page_id=143\">h\u0151l\u00e9gballonok<\/a>\u00a0form\u00e1j\u00e1nak szinte csak a k\u00e9pzelet szabhat hat\u00e1rt. A hagyom\u00e1nyos csepp alak\u00fa ballonok mellett k\u00fcl\u00f6nleges formaballonokat is k\u00e9sz\u00edtenek. Ezek els\u0151sorban bemutat\u00f3 rep\u00fcl\u00e9seken vesznek r\u00e9szt. Kezel\u00e9s\u00fck bonyolultabb \u00e9s rep\u00fcl\u00e9si tulajdons\u00e1gaik is m\u00e1sok, mint egy versenyballonnak. A versenyz\u0151k a hagyom\u00e1nyos form\u00e1t r\u00e9szes\u00edtik el\u0151nyben \u00e9s \u00e1ltal\u00e1ban az AX-6 \u00e9s AX-8 k\u00f6z\u00f6tti m\u00e9retkateg\u00f3ri\u00e1kat haszn\u00e1lj\u00e1k. A h\u0151l\u00e9gballonok m\u0171k\u00f6dtet\u00e9se a leggazdas\u00e1gosabb.<\/p>\n<div style=\"width: 160px\" class=\"wp-caption alignright\"><img decoding=\"async\" loading=\"lazy\" src=\"http:\/\/ballon.hu\/ballonok\/ballpict\/gasballoon.jpg\" alt=\"Egy modern g\u00e1zballon\" width=\"150\" height=\"219\" \/><p class=\"wp-caption-text\">Egy modern g\u00e1zballon<\/p><\/div>\n<p align=\"justify\">A\u00a0<a href=\"http:\/\/ballon.hu\/?page_id=160\">g\u00e1zballonok<\/a>\u00a0haszn\u00e1lata m\u00e1r k\u00f6lts\u00e9gesebb, mert a haszn\u00e1lt g\u00e1zt a rep\u00fcl\u00e9sek ut\u00e1n &#8222;elengedik&#8221;. (Ez az a ballont\u00edpus, ahol homokzs\u00e1kokat haszn\u00e1lnak ballasztnak. Sokszor l\u00e1tunk h\u0151l\u00e9gballonokat is homokzs\u00e1kkal \u00e1br\u00e1zolni &#8211; pl. rekl\u00e1mokban vagy rajzokon -, de val\u00f3j\u00e1ban soha nem haszn\u00e1lj\u00e1k.) Ennek ellen\u00e9re az igaz\u00e1n dr\u00e1ga a\u00a0<a href=\"http:\/\/ballon.hu\/?page_id=165\">Rozier-ballon<\/a>, azaz ami g\u00e1zt \u00e9s meleg leveg\u0151t is haszn\u00e1l. Ilyen ballonokat haszn\u00e1lnak nagy t\u00e1vols\u00e1g\u00fa rep\u00fcl\u00e9sekhez. Ilyennel rep\u00fclt\u00e9k k\u00f6rbe a f\u00f6ldet is. Az emberi tal\u00e1l\u00e9konys\u00e1g azonban kimer\u00edthetetlen. Tal\u00e1lkozott m\u00e1r utassz\u00e1ll\u00edt\u00f3 g\u00e9p pil\u00f3t\u00e1ja t\u00f6bb ezer m\u00e9ter magasan egy kerti sz\u00e9kben rep\u00fcl\u0151 \u00farral, aki h\u00e9liummal t\u00f6lt\u00f6tt l\u00e9gg\u00f6mb\u00f6ket k\u00f6t\u00f6tt a szerkezet\u00e9re.<\/p>\n<div style=\"width: 210px\" class=\"wp-caption alignleft\"><img decoding=\"async\" loading=\"lazy\" src=\"http:\/\/ballon.hu\/ballonok\/ballpict\/breitling.jpg\" alt=\"Az els\u0151 \" width=\"200\" height=\"307\" \/><p class=\"wp-caption-text\">Az els\u0151 &#8222;f\u00f6ldker\u00fcl\u0151&#8221; Rozier-balloon: Breitling Orbiter 3<\/p><\/div>\n<p align=\"justify\">Ha t\u00e1gabban \u00e9rtelmezz\u00fck, akkor a\u00a0<a href=\"http:\/\/ballon.hu\/?page_id=171\">l\u00e9ghaj\u00f3kat<\/a>\u00a0is a ballonok k\u00f6z\u00e9 sorolhatjuk, amiknek n\u00e9gy aloszt\u00e1lya van. A legismertebbek a Zeppelinek voltak, amiket eleinte hidrog\u00e9nnel, majd k\u00e9s\u0151bb m\u00e1r a biztons\u00e1gosabb h\u00e9liummal t\u00f6lt\u00f6ttek meg.<\/p>\n<p>Kev\u00e9sb\u00e9 ismert a h\u0151l\u00e9ghaj\u00f3, amit a meleg leveg\u0151 emel a magasba. A l\u00e9ghaj\u00f3k legfontosabb elt\u00e9r\u00e9se a ballonokt\u00f3l, hogy egy motor seg\u00edts\u00e9g\u00e9vel befoly\u00e1solj\u00e1k a v\u00edzszintes mozg\u00e1s ir\u00e1ny\u00e1t.<\/p>\n<p align=\"justify\">A\u00a0<a href=\"http:\/\/ballon.hu\/?page_id=174\">magyarorsz\u00e1gi ballonok<\/a>\u00a0ma els\u0151sorban hagyom\u00e1nyos form\u00e1j\u00fa h\u0151l\u00e9gballonok, de van n\u00e9h\u00e1ny formaballon is.<\/p><!--CusAds0-->\n<div style=\"width: 210px\" class=\"wp-caption alignright\"><img decoding=\"async\" loading=\"lazy\" src=\"http:\/\/ballon.hu\/ballonok\/ballpict\/Zeppelin.jpg\" alt=\"H\u0151l\u00e9ghaj\u00f3\" width=\"200\" height=\"123\" \/><p class=\"wp-caption-text\">H\u0151l\u00e9ghaj\u00f3<\/p><\/div>\n<p align=\"justify\">M\u0171k\u00f6d\u00f6tt egy g\u00e1zballon is, de ez nem egy szabad ballon volt, mert folyamatosan kik\u00f6t\u00f6tt \u00e1llapotban, kil\u00e1t\u00f3k\u00e9nt funkcion\u00e1l.<\/p>\n<p>L\u00e9ghaj\u00f3nk is volt p\u00e1r darab. Ezek mindegyike h\u0151l\u00e9ghaj\u00f3 \u00e9s volt egy, ami versenyzett is.<\/p>\n<!--CusAds0-->\n<div style=\"font-size: 0px; height: 0px; line-height: 0px; margin: 0; padding: 0; clear: both;\"><\/div>","protected":false},"excerpt":{"rendered":"<p>Ballonokb\u00f3l nagyon sokf\u00e9le van. Hivatalosan \u00f6t aloszt\u00e1lyba sorolj\u00e1k \u0151ket, de pl. a\u00a0h\u0151l\u00e9gballonok\u00a0form\u00e1j\u00e1nak szinte csak a k\u00e9pzelet szabhat hat\u00e1rt. A hagyom\u00e1nyos csepp alak\u00fa ballonok mellett k\u00fcl\u00f6nleges formaballonokat is k\u00e9sz\u00edtenek. Ezek els\u0151sorban bemutat\u00f3 rep\u00fcl\u00e9seken vesznek r\u00e9szt. Kezel\u00e9s\u00fck bonyolultabb \u00e9s rep\u00fcl\u00e9si tulajdons\u00e1gaik is m\u00e1sok, mint egy versenyballonnak. A versenyz\u0151k a hagyom\u00e1nyos form\u00e1t r\u00e9szes\u00edtik el\u0151nyben \u00e9s \u00e1ltal\u00e1ban az AX-6 [&hellip;]<\/p>\n","protected":false},"author":1,"featured_media":0,"parent":0,"menu_order":1,"comment_status":"open","ping_status":"open","template":"","meta":[],"_links":{"self":[{"href":"http:\/\/ballon.hu\/index.php?rest_route=\/wp\/v2\/pages\/53"}],"collection":[{"href":"http:\/\/ballon.hu\/index.php?rest_route=\/wp\/v2\/pages"}],"about":[{"href":"http:\/\/ballon.hu\/index.php?rest_route=\/wp\/v2\/types\/page"}],"author":[{"embeddable":true,"href":"http:\/\/ballon.hu\/index.php?rest_route=\/wp\/v2\/users\/1"}],"replies":[{"embeddable":true,"href":"http:\/\/ballon.hu\/index.php?rest_route=%2Fwp%2Fv2%2Fcomments&post=53"}],"version-history":[{"count":2,"href":"http:\/\/ballon.hu\/index.php?rest_route=\/wp\/v2\/pages\/53\/revisions"}],"predecessor-version":[{"id":1194,"href":"http:\/\/ballon.hu\/index.php?rest_route=\/wp\/v2\/pages\/53\/revisions\/1194"}],"wp:attachment":[{"href":"http:\/\/ballon.hu\/index.php?rest_route=%2Fwp%2Fv2%2Fmedia&parent=53"}],"curies":[{"name":"wp","href":"https:\/\/api.w.org\/{rel}","templated":true}]}}