{"id":48,"date":"2013-02-10T21:12:43","date_gmt":"2013-02-10T20:12:43","guid":{"rendered":"http:\/\/ballon.hu\/?page_id=48"},"modified":"2013-02-10T21:12:43","modified_gmt":"2013-02-10T20:12:43","slug":"tortenelem","status":"publish","type":"page","link":"http:\/\/ballon.hu\/?page_id=48","title":{"rendered":"T\u00f6rt\u00e9nelem"},"content":{"rendered":"<div class=\"71412af0e73d5d7388caca345de1e9dd\" data-index=\"1\" style=\"float: none; margin:10px 0 10px 0; text-align:center;\">\n<script type=\"text\/javascript\"><!--\r\ngoogle_ad_client = \"ca-pub-2865779868887008\";\r\n\/* Android box *\/\r\ngoogle_ad_slot = \"1345074415\";\r\ngoogle_ad_width = 336;\r\ngoogle_ad_height = 280;\r\n\/\/-->\r\n<\/script>\r\n<script type=\"text\/javascript\"\r\nsrc=\"http:\/\/pagead2.googlesyndication.com\/pagead\/show_ads.js\">\r\n<\/script>\n<\/div>\n<div style=\"width: 210px\" class=\"wp-caption alignright\"><a href=\"http:\/\/ballon.hu\/?page_id=194\"><img decoding=\"async\" loading=\"lazy\" class=\" \" alt=\"Az els\u0151 merev szerkezet\u0171 l\u00e9ghaj\u00f3, Schwarcz D\u00e1vid\" src=\"http:\/\/ballon.hu\/tortenet\/picttort\/schwarclhs.jpg\" width=\"200\" height=\"165\" \/><\/a><p class=\"wp-caption-text\">Az els\u0151 merev szerkezet\u0171 l\u00e9ghaj\u00f3<\/p><\/div>\n<p>Hogyan\u00a0<a href=\"http:\/\/ballon.hu\/?page_id=183\">kezd\u0151d\u00f6tt<\/a>\u00a0a ballonoz\u00e1s Magyarorsz\u00e1gon? Kik voltak az els\u0151\u00a0<a href=\"http:\/\/ballon.hu\/?page_id=183\">k\u00eds\u00e9rletez\u0151k<\/a>? Melyik volt az\u00a0<a href=\"http:\/\/ballon.hu\/?page_id=191\">els\u0151 magyar tulajdon\u00fa ballon<\/a>, ami embert is sz\u00e1ll\u00edtott? Zeppelin gr\u00f3f a l\u00e9ghaj\u00f3inak siker\u00e9t egy magyar sz\u00e1rmaz\u00e1s\u00fa feltal\u00e1l\u00f3nak is k\u00f6sz\u00f6nheti? Els\u0151\u00a0<a href=\"http:\/\/ballon.hu\/?page_id=191\">g\u00e1zballon<\/a>, els\u0151\u00a0<a href=\"http:\/\/ballon.hu\/?page_id=194\">l\u00e9ghaj\u00f3<\/a>, els\u0151<\/p>\n<div style=\"width: 210px\" class=\"wp-caption alignleft\"><a href=\"http:\/\/ballon.hu\/?page_id=197\"><img decoding=\"async\" loading=\"lazy\" class=\" \" alt=\"A Pann\u00f3nia, az els\u0151 magyar h\u0151l\u00e9gballon\" src=\"http:\/\/ballon.hu\/tortenet\/picttort\/HA-001-1s.jpg\" width=\"200\" height=\"291\" \/><\/a><p class=\"wp-caption-text\">A Pann\u00f3nia, az els\u0151 magyar h\u0151l\u00e9gballon<\/p><\/div>\n<p><a href=\"http:\/\/ballon.hu\/?page_id=197\">h\u0151l\u00e9gballon<\/a>. Kik\u00a0<a href=\"http:\/\/ballon.hu\/?page_id=201\">gy\u00e1rtottak, gy\u00e1rtanak<\/a>\u00a0ballonokat haz\u00e1nkban? Ki milyen ballonokat k\u00e9sz\u00edtett? Ezekre a k\u00e9rd\u00e9sekre is megtal\u00e1lod a v\u00e1laszt ezeken az oldalakon a magyar ballonoz\u00e1s kezdeteit\u0151l a\u00a0<a href=\"http:\/\/ballon.hu\/?page_id=205\">k\u00f6zelm\u00falt<\/a>j\u00e1ig.<\/p>\n<p>&nbsp;<\/p>\n<p>&nbsp;<\/p>\n<p>&nbsp;<\/p>\n<p>&nbsp;<\/p>\n<p>&nbsp;<\/p>\n<!--CusAds0--><!--CusAds0-->\n<div style=\"font-size: 0px; height: 0px; line-height: 0px; margin: 0; padding: 0; clear: both;\"><\/div>","protected":false},"excerpt":{"rendered":"<p>Hogyan\u00a0kezd\u0151d\u00f6tt\u00a0a ballonoz\u00e1s Magyarorsz\u00e1gon? Kik voltak az els\u0151\u00a0k\u00eds\u00e9rletez\u0151k? Melyik volt az\u00a0els\u0151 magyar tulajdon\u00fa ballon, ami embert is sz\u00e1ll\u00edtott? Zeppelin gr\u00f3f a l\u00e9ghaj\u00f3inak siker\u00e9t egy magyar sz\u00e1rmaz\u00e1s\u00fa feltal\u00e1l\u00f3nak is k\u00f6sz\u00f6nheti? Els\u0151\u00a0g\u00e1zballon, els\u0151\u00a0l\u00e9ghaj\u00f3, els\u0151 h\u0151l\u00e9gballon. Kik\u00a0gy\u00e1rtottak, gy\u00e1rtanak\u00a0ballonokat haz\u00e1nkban? Ki milyen ballonokat k\u00e9sz\u00edtett? Ezekre a k\u00e9rd\u00e9sekre is megtal\u00e1lod a v\u00e1laszt ezeken az oldalakon a magyar ballonoz\u00e1s kezdeteit\u0151l a\u00a0k\u00f6zelm\u00faltj\u00e1ig. &nbsp; [&hellip;]<\/p>\n","protected":false},"author":1,"featured_media":0,"parent":0,"menu_order":0,"comment_status":"open","ping_status":"open","template":"","meta":[],"_links":{"self":[{"href":"http:\/\/ballon.hu\/index.php?rest_route=\/wp\/v2\/pages\/48"}],"collection":[{"href":"http:\/\/ballon.hu\/index.php?rest_route=\/wp\/v2\/pages"}],"about":[{"href":"http:\/\/ballon.hu\/index.php?rest_route=\/wp\/v2\/types\/page"}],"author":[{"embeddable":true,"href":"http:\/\/ballon.hu\/index.php?rest_route=\/wp\/v2\/users\/1"}],"replies":[{"embeddable":true,"href":"http:\/\/ballon.hu\/index.php?rest_route=%2Fwp%2Fv2%2Fcomments&post=48"}],"version-history":[{"count":0,"href":"http:\/\/ballon.hu\/index.php?rest_route=\/wp\/v2\/pages\/48\/revisions"}],"wp:attachment":[{"href":"http:\/\/ballon.hu\/index.php?rest_route=%2Fwp%2Fv2%2Fmedia&parent=48"}],"curies":[{"name":"wp","href":"https:\/\/api.w.org\/{rel}","templated":true}]}}