{"id":252,"date":"2013-02-12T10:50:01","date_gmt":"2013-02-12T09:50:01","guid":{"rendered":"http:\/\/ballon.hu\/?page_id=252"},"modified":"2013-02-12T10:50:01","modified_gmt":"2013-02-12T09:50:01","slug":"magyarorszagi-ballonklubok","status":"publish","type":"page","link":"http:\/\/ballon.hu\/?page_id=252","title":{"rendered":"Magyarorsz\u00e1gi ballonklubok"},"content":{"rendered":"<div class=\"71412af0e73d5d7388caca345de1e9dd\" data-index=\"1\" style=\"float: none; margin:10px 0 10px 0; text-align:center;\">\n<script type=\"text\/javascript\"><!--\r\ngoogle_ad_client = \"ca-pub-2865779868887008\";\r\n\/* Android box *\/\r\ngoogle_ad_slot = \"1345074415\";\r\ngoogle_ad_width = 336;\r\ngoogle_ad_height = 280;\r\n\/\/-->\r\n<\/script>\r\n<script type=\"text\/javascript\"\r\nsrc=\"http:\/\/pagead2.googlesyndication.com\/pagead\/show_ads.js\">\r\n<\/script>\n<\/div>\n<p>Magyarorsz\u00e1gon a ballonosok \u00e1ltal\u00e1ban klubokban rep\u00fclnek. A Magyar Rep\u00fcl\u0151 Sz\u00f6vets\u00e9g (MRSZ) tagjai csak jogi szem\u00e9lyis\u00e9gek lehetnek, ez\u00e9rt ezek a klubok lehetnek sportegyes\u00fcletek, Kft.-k, Rt.-k klubjai is. Jelenleg 41 db ilyen ballonos t\u00e1rsas\u00e1g m\u0171k\u00f6dik haz\u00e1nkban <span style=\"font-size: small;\"><em>(2005-\u00f6s adatok)<\/em><\/span>:<\/p>\n<table cellspacing=\"0\" cellpadding=\"0\">\n<tbody>\n<tr>\n<td><strong><span style=\"font-size: small;\">Klub neve<\/span><\/strong><\/td>\n<td><strong><span style=\"font-size: small;\">Irsz. V\u00e1ros<\/span><\/strong><\/td>\n<td><strong><span style=\"font-size: small;\">Vezet\u0151je<\/span><\/strong><\/td>\n<td><\/td>\n<\/tr>\n<tr>\n<td><span style=\"font-size: small;\">AERO CLUB HAJD\u00daSZOBOSZL\u00d3<\/span><\/td>\n<td><span style=\"font-size: small;\">4200 Hajd\u00faszoboszl\u00f3<\/span><\/td>\n<td><span style=\"font-size: small;\">Kom\u00f3di G\u00e1bor<\/span><\/td>\n<td><span style=\"font-size: small;\">\u00a0<\/span><\/td>\n<\/tr>\n<tr>\n<td><span style=\"font-size: small;\">AEROGL\u00d3BUS REP\u00dcL\u0150 SPORT EGYES\u00dcLET<\/span><\/td>\n<td><span style=\"font-size: small;\">2023. Dunabogd\u00e1ny<\/span><\/td>\n<td><span style=\"font-size: small;\">Tasi M\u00e1rton<\/span><\/td>\n<td><span style=\"font-size: small;\">\u00a0<\/span><\/td>\n<\/tr>\n<tr>\n<td><span style=\"font-size: small;\">AIR SERVICE REP\u00dcL\u0150 KLUB<\/span><\/td>\n<td><span style=\"font-size: small;\">1103. Budapest<\/span><\/td>\n<td><span style=\"font-size: small;\">G\u00e1l Ferenc<\/span><\/td>\n<td><span style=\"font-size: small;\">\u00a0<\/span><\/td>\n<\/tr>\n<tr>\n<td><span style=\"font-size: small;\">ALBA-BALLON REP\u00dcL\u0150 EGYES\u00dcLET<\/span><\/td>\n<td><span style=\"font-size: small;\">8000 Sz\u00e9kesfeh\u00e9rv\u00e1r<\/span><\/td>\n<td><span style=\"font-size: small;\">N\u00e9meth Zolt\u00e1n<\/span><\/td>\n<td><span style=\"font-size: small;\">\u00a0<\/span><\/td>\n<\/tr>\n<tr>\n<td><span style=\"font-size: small;\">AQUILA TEAM Kft.<\/span><\/td>\n<td><span style=\"font-size: small;\">1147 Budapest<\/span><\/td>\n<td><span style=\"font-size: small;\">F\u00fcle Zolt\u00e1n<\/span><\/td>\n<td><span style=\"font-size: small;\">\u00a0<\/span><\/td>\n<\/tr>\n<tr>\n<td><span style=\"font-size: small;\">B\u00c1CS-KISKUN Megyei REP\u00dcL\u0150 KLUB<\/span><\/td>\n<td><span style=\"font-size: small;\">6110 Kiskunf\u00e9legyh\u00e1za<\/span><\/td>\n<td><span style=\"font-size: small;\">R\u00e1cz Szab\u00f3 Mih\u00e1ly<\/span><\/td>\n<td><span style=\"font-size: small;\">\u00a0<\/span><\/td>\n<\/tr>\n<tr>\n<td><span style=\"font-size: small;\">BALLONKLUB GY\u0150R SE<\/span><\/td>\n<td><span style=\"font-size: small;\">9153 \u00d6ttev\u00e9ny<\/span><\/td>\n<td><span style=\"font-size: small;\">T\u00f6r\u00f6k S\u00e1ndor<\/span><\/td>\n<td><span style=\"font-size: small;\">\u00a0<\/span><\/td>\n<\/tr>\n<tr>\n<td><span style=\"font-size: small;\">BARANYA Megyei REP\u00dcL\u0150 KLUB<\/span><\/td>\n<td><span style=\"font-size: small;\">7300 Koml\u00f3<\/span><\/td>\n<td><span style=\"font-size: small;\">Notheisz Antal<\/span><\/td>\n<td><span style=\"font-size: small;\">\u00a0<\/span><\/td>\n<\/tr>\n<tr>\n<td><span style=\"font-size: small;\">BUDAPEST BALLON CLUB SE<\/span><\/td>\n<td><span style=\"font-size: small;\">1087 Budapest<\/span><\/td>\n<td><span style=\"font-size: small;\">Aklan Attila<\/span><\/td>\n<td><span style=\"font-size: small;\">\u00a0<\/span><\/td>\n<\/tr>\n<tr>\n<td><span style=\"font-size: small;\">BUBOR\u00c9K BALLON SE<\/span><\/td>\n<td><span style=\"font-size: small;\">Budapest<\/span><\/td>\n<td><span style=\"font-size: small;\">\u00a0<\/span><\/td>\n<td><span style=\"font-size: small;\">\u00a0<\/span><\/td>\n<\/tr>\n<tr>\n<td><span style=\"font-size: small;\">CAMERON BALLOONS HUNGARY<\/span><\/td>\n<td><span style=\"font-size: small;\">9024 Gy\u0151r<\/span><\/td>\n<td><span style=\"font-size: small;\">Moln\u00e1r Csaba<\/span><\/td>\n<td><span style=\"font-size: small;\">\u00a0<\/span><\/td>\n<\/tr>\n<tr>\n<td><span style=\"font-size: small;\">CONDOR SE<\/span><\/td>\n<td><span style=\"font-size: small;\">1162 Budapest<\/span><\/td>\n<td><span style=\"font-size: small;\">Krist\u00f3f Jen\u0151<\/span><\/td>\n<td><span style=\"font-size: small;\">\u00a0<\/span><\/td>\n<\/tr>\n<tr>\n<td><span style=\"font-size: small;\">D\u00c9G\u00c1Z BALLON KLUB<\/span><\/td>\n<td><span style=\"font-size: small;\">6701 Szeged<\/span><\/td>\n<td><span style=\"font-size: small;\">Kov\u00e1cs J\u00e1nos<\/span><\/td>\n<td><span style=\"font-size: small;\">\u00a0<\/span><\/td>\n<\/tr>\n<tr>\n<td><span style=\"font-size: small;\">DUNAFERR REP\u00dcL\u0150 KLUB<\/span><\/td>\n<td><span style=\"font-size: small;\">2401 Duna\u00fajv\u00e1ros<\/span><\/td>\n<td><span style=\"font-size: small;\">P\u00e1lfi K\u00e1roly<\/span><\/td>\n<td><span style=\"font-size: small;\">\u00a0<\/span><\/td>\n<\/tr>\n<tr>\n<td><span style=\"font-size: small;\">FLY-V\u00c9GH Kft.<\/span><\/td>\n<td><span style=\"font-size: small;\">4028 Debrecen<\/span><\/td>\n<td><span style=\"font-size: small;\">V\u00e9gh S\u00e1ndor<\/span><\/td>\n<td><span style=\"font-size: small;\">\u00a0<\/span><\/td>\n<\/tr>\n<tr>\n<td><span style=\"font-size: small;\">GEMENC H\u0150L\u00c9GBALLON SPORT EGYES\u00dcLET<\/span><\/td>\n<td><span style=\"font-size: small;\">7100 Szeksz\u00e1rd<\/span><\/td>\n<td><span style=\"font-size: small;\">Szigeti J\u00falia<\/span><\/td>\n<td><span style=\"font-size: small;\">\u00a0<\/span><\/td>\n<\/tr>\n<tr>\n<td><span style=\"font-size: small;\">GLOB\u00d3 KANIZSA Kft.<\/span><\/td>\n<td><span style=\"font-size: small;\">8800 Nagykanizsa<\/span><\/td>\n<td><span style=\"font-size: small;\">Horv\u00e1th Ferenc<\/span><\/td>\n<td><span style=\"font-size: small;\">\u00a0<\/span><\/td>\n<\/tr>\n<tr>\n<td><span style=\"font-size: small;\">H\u00c9LIOSZ Kft.<\/span><\/td>\n<td><span style=\"font-size: small;\">5000 Szolnok<\/span><\/td>\n<td><span style=\"font-size: small;\">Gyarmati Istv\u00e1n<\/span><\/td>\n<td><span style=\"font-size: small;\">\u00a0<\/span><\/td>\n<\/tr>\n<tr>\n<td><span style=\"font-size: small;\">HOT R.BALLONSPORT BT.<\/span><\/td>\n<td><span style=\"font-size: small;\">1141 Budapest<\/span><\/td>\n<td><span style=\"font-size: small;\">Hlatky J\u00e1nos<\/span><\/td>\n<td><span style=\"font-size: small;\">\u00a0<\/span><\/td>\n<\/tr>\n<tr>\n<td><span style=\"font-size: small;\">H\u0150L\u00c9GBALLON KLUB KESZTHELY<\/span><\/td>\n<td><span style=\"font-size: small;\">8360 Keszthely<\/span><\/td>\n<td><span style=\"font-size: small;\">Sidlovits L\u00e1szl\u00f3<\/span><\/td>\n<td><span style=\"font-size: small;\">\u00a0<\/span><\/td>\n<\/tr>\n<tr>\n<td><span style=\"font-size: small;\">KAISER BALLON KLUB SE<\/span><\/td>\n<td><span style=\"font-size: small;\">9423 \u00c1gfalva<\/span><\/td>\n<td><span style=\"font-size: small;\">Nagy P\u00e9ter<\/span><\/td>\n<td><span style=\"font-size: small;\">\u00a0<\/span><\/td>\n<\/tr>\n<tr>\n<td><span style=\"font-size: small;\">KECSKEM\u00c9TI H\u0150L\u00c9GBALLON SE<\/span><\/td>\n<td><span style=\"font-size: small;\">6000 Kecskem\u00e9t<\/span><\/td>\n<td><span style=\"font-size: small;\">Arany S\u00e1ndor<\/span><\/td>\n<td><span style=\"font-size: small;\">\u00a0<\/span><\/td>\n<\/tr>\n<tr>\n<td><span style=\"font-size: small;\">K\u00d6G\u00c1Z RT. BALLON KLUB<\/span><\/td>\n<td><span style=\"font-size: small;\">8800 Nagykanizsa<\/span><\/td>\n<td><span style=\"font-size: small;\">Varga J\u00f3zsef<\/span><\/td>\n<td><span style=\"font-size: small;\">\u00a0<\/span><\/td>\n<\/tr>\n<tr>\n<td><span style=\"font-size: small;\">MAL\u00c9V REP\u00dcL\u0150 KLUB.<\/span><\/td>\n<td><span style=\"font-size: small;\">1141 Budapest<\/span><\/td>\n<td><span style=\"font-size: small;\">Cseraljai Istv\u00e1n<\/span><\/td>\n<td><span style=\"font-size: small;\">\u00a0<\/span><\/td>\n<\/tr>\n<tr>\n<td><span style=\"font-size: small;\">M\u0170EGYETEMI SPORTREP\u00dcL\u0150 EGYES\u00dcLET<\/span><\/td>\n<td><span style=\"font-size: small;\">1368 Budapest<\/span><\/td>\n<td><span style=\"font-size: small;\">Kardos Mikl\u00f3s<\/span><\/td>\n<td><span style=\"font-size: small;\">\u00a0<\/span><\/td>\n<\/tr>\n<tr>\n<td><span style=\"font-size: small;\">NAGY LUFI H\u0150L\u00c9GBALLON SE<\/span><\/td>\n<td><span style=\"font-size: small;\">1148 Budapest<\/span><\/td>\n<td><span style=\"font-size: small;\">D\u00f6me Tibor<\/span><\/td>\n<td><span style=\"font-size: small;\">\u00a0<\/span><\/td>\n<\/tr>\n<tr>\n<td><span style=\"font-size: small;\">NYIREGYH\u00c1ZI L\u00c9GISPORT EGYES\u00dcLET<\/span><\/td>\n<td><span style=\"font-size: small;\">4400 Nyiregyh\u00e1za<\/span><\/td>\n<td><span style=\"font-size: small;\">Girhiny L\u00e1szl\u00f3<\/span><\/td>\n<td><span style=\"font-size: small;\">\u00a0<\/span><\/td>\n<\/tr>\n<tr>\n<td><span style=\"font-size: small;\">NY\u00cdREGYH\u00c1ZI REP\u00dcL\u0150 KLUB<\/span><\/td>\n<td><span style=\"font-size: small;\">4400 Ny\u00edregyh\u00e1za<\/span><\/td>\n<td><span style=\"font-size: small;\">M\u00e1nyik Tibor<\/span><\/td>\n<td><span style=\"font-size: small;\">\u00a0<\/span><\/td>\n<\/tr>\n<tr>\n<td><span style=\"font-size: small;\">OKKTA H\u0150L\u00c9GBALLON RT.<\/span><\/td>\n<td><span style=\"font-size: small;\">1074 Budapest<\/span><\/td>\n<td><span style=\"font-size: small;\">P\u00e1losfalvi Br\u00fan\u00f3<\/span><\/td>\n<td><span style=\"font-size: small;\">\u00a0<\/span><\/td>\n<\/tr>\n<tr>\n<td><span style=\"font-size: small;\">OPITZ N\u00c1NDOR REP\u00dcL\u0150 KLUB<\/span><\/td>\n<td><span style=\"font-size: small;\">1073 Budapest<\/span><\/td>\n<td><span style=\"font-size: small;\">Szab\u00f3 P\u00e9ter<\/span><\/td>\n<td><span style=\"font-size: small;\">\u00a0<\/span><\/td>\n<\/tr>\n<tr>\n<td><span style=\"font-size: small;\">\u00d6CS\u00c9NYI REP\u00dcL\u0150 KLUB SE<\/span><\/td>\n<td><span style=\"font-size: small;\">7143. \u00d6cs\u00e9ny<\/span><\/td>\n<td><span style=\"font-size: small;\">T\u00f3th Zolt\u00e1n<\/span><\/td>\n<td><span style=\"font-size: small;\">\u00a0<\/span><\/td>\n<\/tr>\n<tr>\n<td><span style=\"font-size: small;\">PANN\u00d3NIA \u00d3BUDA H\u0150L\u00c9GBALLON KLUB<\/span><\/td>\n<td><span style=\"font-size: small;\">1035 Budapest<\/span><\/td>\n<td><span style=\"font-size: small;\">Cs\u00f3k L\u00e1szl\u00f3<\/span><\/td>\n<td><span style=\"font-size: small;\">\u00a0<\/span><\/td>\n<\/tr>\n<tr>\n<td><span style=\"font-size: small;\">PHOENIX H\u0150L\u00c9GBALLON REP\u00dcL\u0150 EGYLET<\/span><\/td>\n<td><span style=\"font-size: small;\">1102 Budapest<\/span><\/td>\n<td><span style=\"font-size: small;\">Dr. Szigligeti Tibor<\/span><\/td>\n<td><span style=\"font-size: small;\">\u00a0<\/span><\/td>\n<\/tr>\n<tr>\n<td><span style=\"font-size: small;\">RAIR AERO SE<\/span><\/td>\n<td><span style=\"font-size: small;\">1502 Budapest<\/span><\/td>\n<td><span style=\"font-size: small;\">Jepure G\u00e1bor<\/span><\/td>\n<td><span style=\"font-size: small;\">\u00a0<\/span><\/td>\n<\/tr>\n<tr>\n<td><span style=\"font-size: small;\">S\u00d3LYOM BALLON KLUB<\/span><\/td>\n<td><span style=\"font-size: small;\">3599 Saj\u00f3sz\u00f6ged<\/span><\/td>\n<td><span style=\"font-size: small;\">Kov\u00e1cs Istv\u00e1n<\/span><\/td>\n<td><span style=\"font-size: small;\">\u00a0<\/span><\/td>\n<\/tr>\n<tr>\n<td><span style=\"font-size: small;\">SUP-AIR BALLON REP\u00dcL\u0150 EGYES\u00dcLET<\/span><\/td>\n<td><span style=\"font-size: small;\">1074 Budapest<\/span><\/td>\n<td><span style=\"font-size: small;\">Sz\u0171cs S\u00e1ndor<\/span><\/td>\n<td><span style=\"font-size: small;\">\u00a0<\/span><\/td>\n<\/tr>\n<tr>\n<td><span style=\"font-size: small;\">TISZA REP\u00dcL\u0150 KLUB<\/span><\/td>\n<td><span style=\"font-size: small;\">3580 Tiszaujv\u00e1ros<\/span><\/td>\n<td><span style=\"font-size: small;\">Bal\u00e1zs Lajos<\/span><\/td>\n<td><span style=\"font-size: small;\">\u00a0<\/span><\/td>\n<\/tr>\n<tr>\n<td><span style=\"font-size: small;\">TISZAI BALLON CLUB<\/span><\/td>\n<td><span style=\"font-size: small;\">3580 Tisza\u00fajv\u00e1ros<\/span><\/td>\n<td><span style=\"font-size: small;\">Barta Vince<\/span><\/td>\n<td><span style=\"font-size: small;\">\u00a0<\/span><\/td>\n<\/tr>\n<tr>\n<td><span style=\"font-size: small;\">TISZA\u00daJV\u00c1ROSI L\u00c9GISPORT EGYES\u00dcLET<\/span><\/td>\n<td><span style=\"font-size: small;\">3580 Tisza\u00fajv\u00e1ros<\/span><\/td>\n<td><span style=\"font-size: small;\">\u00d3n\u00f3di Tibor<\/span><\/td>\n<td><span style=\"font-size: small;\">\u00a0<\/span><\/td>\n<\/tr>\n<tr>\n<td><span style=\"font-size: small;\">UNIQUE H\u0150L\u00c9GBALLON SE<\/span><\/td>\n<td><span style=\"font-size: small;\">2013 Pom\u00e1z<\/span><\/td>\n<td><span style=\"font-size: small;\">M\u00e9th Gy\u00f6rgy<\/span><\/td>\n<td><span style=\"font-size: small;\">\u00a0<\/span><\/td>\n<\/tr>\n<tr>\n<td><span style=\"font-size: small;\">WEST &#8211; AIR CLUB SE<\/span><\/td>\n<td><span style=\"font-size: small;\">1196 Budapest<\/span><\/td>\n<td><span style=\"font-size: small;\">Oross J\u00e1nos<\/span><\/td>\n<td><span style=\"font-size: small;\">\u00a0<\/span><\/td>\n<\/tr>\n<tr>\n<td><span style=\"font-size: small;\">ZENIT REP\u00dcL\u0150 EGYES\u00dcLET<\/span><\/td>\n<td><span style=\"font-size: small;\">8060 Si\u00f3fok-Balatonkiliti<\/span><\/td>\n<td><span style=\"font-size: small;\">Varga J\u00f3zsef<\/span><\/td>\n<td><\/td>\n<\/tr>\n<tr>\n<td><\/td>\n<td><\/td>\n<td><\/td>\n<td><\/td>\n<\/tr>\n<tr>\n<td><span style=\"font-size: small;\">Egy\u00e9b szervezetek<\/span><\/td>\n<td><span style=\"font-size: small;\">\u00a0<\/span><\/td>\n<td><span style=\"font-size: small;\">Vezet\u0151<\/span><\/td>\n<td><span style=\"font-size: small;\">\u00a0<\/span><\/td>\n<\/tr>\n<tr>\n<td><span style=\"font-size: small;\">MRSZ BISZ (Esem\u00e9ny bejelent\u00e9s)<\/span><\/td>\n<td><span style=\"font-size: small;\">Tel.: 24399-834<\/span><\/td>\n<td><span style=\"font-size: small;\">Sikl\u00f3si Zolt\u00e1n, Oross J\u00e1nos<\/span><\/td>\n<td><span style=\"font-size: small;\">\u00a0<\/span><\/td>\n<\/tr>\n<tr>\n<td><span style=\"font-size: small;\">MRSZ H\u0150L\u00c9GBALLON SZAKBIZOTTS\u00c1G<\/span><\/td>\n<td><span style=\"font-size: small;\">1112 Buda\u00f6rs K\u0151\u00e9rberki u. 36.<\/span><\/td>\n<td><span style=\"font-size: small;\">Oross J\u00e1nos<\/span><\/td>\n<td><span style=\"font-size: small;\">\u00a0<\/span><\/td>\n<\/tr>\n<tr>\n<td><span style=\"font-size: small;\">MRSZ. K\u00d6ZPONTI EJT\u0150ERNY\u0150 JAV\u00cdT\u00d3 M\u00dcHELY<\/span><\/td>\n<td><span style=\"font-size: small;\">8000 Sz\u00e9kesfeh\u00e9rv\u00e1r<\/span><\/td>\n<td><span style=\"font-size: small;\">B\u00f6gy\u00f6s Ferencn\u00e9<\/span><\/td>\n<td><span style=\"font-size: small;\">\u00a0<\/span><\/td>\n<\/tr>\n<tr>\n<td><span style=\"font-size: small;\">NOTHEISZ BALLON Kft.<\/span><\/td>\n<td><span style=\"font-size: small;\">7673 P\u00e9cs<\/span><\/td>\n<td><span style=\"font-size: small;\">Notheisz Antal<\/span><\/td>\n<td><span style=\"font-size: small;\">\u00a0<\/span><\/td>\n<\/tr>\n<tr>\n<td><span style=\"font-size: small;\">PoL\u00e9Bisz<\/span><\/td>\n<td><span style=\"font-size: small;\">Tel.:2945-529<\/span><\/td>\n<td><span style=\"font-size: small;\">M\u00e9sz\u00e1ros L\u00e1szl\u00f3<\/span><\/td>\n<td><span style=\"font-size: small;\">\u00a0<\/span><\/td>\n<\/tr>\n<tr>\n<td><span style=\"font-size: small;\">POLG\u00c1RI L\u00c9GIK\u00d6ZLEKED\u00c9SI HAT\u00d3S\u00c1G<\/span><\/td>\n<td><span style=\"font-size: small;\">1675 Budapest Ferhegy Pf.: 41<\/span><\/td>\n<td><span style=\"font-size: small;\">Fej\u00e9regyh\u00e1zi L\u00e1szl\u00f3<\/span><\/td>\n<\/tr>\n<\/tbody>\n<\/table>\n<!--CusAds0--><!--CusAds0-->\n<div style=\"font-size: 0px; height: 0px; line-height: 0px; margin: 0; padding: 0; clear: both;\"><\/div>","protected":false},"excerpt":{"rendered":"<p>Magyarorsz\u00e1gon a ballonosok \u00e1ltal\u00e1ban klubokban rep\u00fclnek. A Magyar Rep\u00fcl\u0151 Sz\u00f6vets\u00e9g (MRSZ) tagjai csak jogi szem\u00e9lyis\u00e9gek lehetnek, ez\u00e9rt ezek a klubok lehetnek sportegyes\u00fcletek, Kft.-k, Rt.-k klubjai is. Jelenleg 41 db ilyen ballonos t\u00e1rsas\u00e1g m\u0171k\u00f6dik haz\u00e1nkban (2005-\u00f6s adatok): Klub neve Irsz. V\u00e1ros Vezet\u0151je AERO CLUB HAJD\u00daSZOBOSZL\u00d3 4200 Hajd\u00faszoboszl\u00f3 Kom\u00f3di G\u00e1bor \u00a0 AEROGL\u00d3BUS REP\u00dcL\u0150 SPORT EGYES\u00dcLET 2023. Dunabogd\u00e1ny [&hellip;]<\/p>\n","protected":false},"author":1,"featured_media":0,"parent":57,"menu_order":3,"comment_status":"open","ping_status":"open","template":"","meta":[],"_links":{"self":[{"href":"http:\/\/ballon.hu\/index.php?rest_route=\/wp\/v2\/pages\/252"}],"collection":[{"href":"http:\/\/ballon.hu\/index.php?rest_route=\/wp\/v2\/pages"}],"about":[{"href":"http:\/\/ballon.hu\/index.php?rest_route=\/wp\/v2\/types\/page"}],"author":[{"embeddable":true,"href":"http:\/\/ballon.hu\/index.php?rest_route=\/wp\/v2\/users\/1"}],"replies":[{"embeddable":true,"href":"http:\/\/ballon.hu\/index.php?rest_route=%2Fwp%2Fv2%2Fcomments&post=252"}],"version-history":[{"count":0,"href":"http:\/\/ballon.hu\/index.php?rest_route=\/wp\/v2\/pages\/252\/revisions"}],"up":[{"embeddable":true,"href":"http:\/\/ballon.hu\/index.php?rest_route=\/wp\/v2\/pages\/57"}],"wp:attachment":[{"href":"http:\/\/ballon.hu\/index.php?rest_route=%2Fwp%2Fv2%2Fmedia&parent=252"}],"curies":[{"name":"wp","href":"https:\/\/api.w.org\/{rel}","templated":true}]}}