{"id":143,"date":"2013-02-11T10:05:38","date_gmt":"2013-02-11T09:05:38","guid":{"rendered":"http:\/\/ballon.hu\/?page_id=143"},"modified":"2013-02-11T10:05:38","modified_gmt":"2013-02-11T09:05:38","slug":"holegballonok","status":"publish","type":"page","link":"http:\/\/ballon.hu\/?page_id=143","title":{"rendered":"H\u0151l\u00e9gballonok"},"content":{"rendered":"<div class=\"71412af0e73d5d7388caca345de1e9dd\" data-index=\"1\" style=\"float: none; margin:10px 0 10px 0; text-align:center;\">\n<script type=\"text\/javascript\"><!--\r\ngoogle_ad_client = \"ca-pub-2865779868887008\";\r\n\/* Android box *\/\r\ngoogle_ad_slot = \"1345074415\";\r\ngoogle_ad_width = 336;\r\ngoogle_ad_height = 280;\r\n\/\/-->\r\n<\/script>\r\n<script type=\"text\/javascript\"\r\nsrc=\"http:\/\/pagead2.googlesyndication.com\/pagead\/show_ads.js\">\r\n<\/script>\n<\/div>\n<div style=\"width: 160px\" class=\"wp-caption alignleft\"><a href=\"http:\/\/ballon.hu\/ballonok\/ballpict\/holegballon-szerk.jpg\" target=\"_blank\"><img decoding=\"async\" loading=\"lazy\" class=\"  \" alt=\"H\u0151l\u00e9gballon szerkezete\" src=\"http:\/\/ballon.hu\/ballonok\/ballpict\/holegballon-szerks.jpg\" width=\"150\" height=\"150\" \/><\/a><p class=\"wp-caption-text\">H\u0151l\u00e9gballon szerkezete<\/p><\/div>\n<p>A h\u0151l\u00e9gballon egy szabad ballon, aminek felhajt\u00f3erej\u00e9t kiz\u00e1r\u00f3lag a leveg\u0151 felf\u0171t\u00e9se adja \u00e9s a kupola nem tartalmazhat m\u00e1s g\u00e1zt, mint leveg\u0151t \u00e9s norm\u00e1lis \u00e9g\u00e9sterm\u00e9keket.<\/p>\n<p>A h\u0151l\u00e9gballonok alakja rendk\u00edv\u00fcl sokf\u00e9le lehet, hat\u00e1rt szinte csak a k\u00e9pzel\u0151er\u0151 ad. A h\u0151l\u00e9gballonban nem haszn\u00e1lnak ballasztot, (pl. homokzs\u00e1kot). A felhajt\u00f3er\u0151t a kupol\u00e1ban l\u00e9v\u0151 leveg\u0151 h\u0151m\u00e9rs\u00e9klet\u00e9nek v\u00e1ltoztat\u00e1s\u00e1val szab\u00e1lyozz\u00e1k. Ha a pil\u00f3ta f\u0171t az \u00e9g\u0151vel, akkor a bels\u0151 h\u0151m\u00e9rs\u00e9klet n\u0151 \u00e9s a h\u0151l\u00e9gballon emelkedni kezd. Ha s\u00fcllyedni akar, akkor nem f\u0171t \u00e9s a leveg\u0151 h\u0151m\u00e9rs\u00e9klete mag\u00e1t\u00f3l is k\u00f6zel\u00edt a k\u00f6rnyezet\u00e9hez vagy a kupola tetej\u00e9n l\u00e9v\u0151 &#8222;dug\u00f3n&#8221; (\u00fcr\u00edt\u0151 ny\u00edl\u00e1son) kereszt\u00fcl kienged a meleg leveg\u0151b\u0151l.<\/p>\n<div style=\"width: 310px\" class=\"wp-caption alignright\"><a href=\"http:\/\/ballon.hu\/ballonok\/ballpict\/montgolfier_brother.gif\" target=\"_blank\"><img decoding=\"async\" loading=\"lazy\" class=\" \" alt=\"Montgolfier testv\u00e9rek\" src=\"http:\/\/ballon.hu\/ballonok\/ballpict\/montgolfier_brothers.jpg\" width=\"300\" height=\"191\" \/><\/a><p class=\"wp-caption-text\">Montgolfier testv\u00e9rek<\/p><\/div>\n<p align=\"justify\">Az els\u0151 m\u0171k\u00f6d\u0151 h\u0151l\u00e9gballont a Montgolfier testv\u00e9rek k\u00e9sz\u00edtett\u00e9k. T\u00f6bb sikeres k\u00eds\u00e9rlet ut\u00e1n az els\u0151 ember \u00e1ltal v\u00e9grehajtott szabad rep\u00fcl\u00e9st\u00a01783. november 21.\u00a0hajtott\u00e1k v\u00e9gre. A Mongolfier fiv\u00e9rek \u00e1ltal k\u00e9sz\u00edtett h\u0151l\u00e9gballonnal\u00a0<strong><a href=\"http:\/\/ballon.hu\/ballonok\/roziers.htm\">Pilatre de Rozier<\/a><\/strong>\u00a0vegy\u00e9sz \u00e9s\u00a0<strong>Francois Laurent de Arlandes<\/strong>\u00a0m\u00e1rki a Bois de Boulogne-ben l\u00e9v\u0151 kir\u00e1lyi palota kertj\u00e9b\u0151l felemelkedett. A leveg\u0151 meleg\u00edt\u00e9s\u00e9hez szalm\u00e1t \u00e9s gyapj\u00fat \u00e9gettek a ballon sz\u00e1ja alatt. A ballon 25 perc alatt 10 km t\u00e1vols\u00e1gra rep\u00fclt.<\/p>\n<p align=\"justify\">A Montgolfier fiv\u00e9rek ut\u00e1n az \u00fajkori h\u0151l\u00e9gballon rep\u00fcl\u00e9st 1934-ben hajtotta v\u00e9gre Ausztri\u00e1ban Rudolf Brunner feltal\u00e1l\u00f3, 1450 m3-es ballonj\u00e1val. Amerik\u00e1ban 1960 okt\u00f3ber\u00e9ben\u00a0<em>Ed Yost<\/em>\u00a0hajtott v\u00e9gre h\u0151l\u00e9gballon rep\u00fcl\u00e9st, m\u00e1r prop\u00e1n-but\u00e1n g\u00e1z alkalmaz\u00e1s\u00e1val, amit napjainkban is haszn\u00e1lnak.<br \/>\nA korszer\u0171 technol\u00f3gia alkalmaz\u00e1s\u00e1val n\u00e9h\u00e1ny \u00e9ven bel\u00fcl t\u00f6bb \u00faj t\u00edpus jelent meg az Egyes\u00fclt \u00c1llamokban \u00e9s Angli\u00e1ban. Az 1970-es \u00e9vek elej\u00e9n m\u00e1r sport c\u00e9lokra is haszn\u00e1lt\u00e1k a h\u0151l\u00e9gballonokat. Az\u00a0<a href=\"http:\/\/ballon.hu\/tortenet\/elsohole.htm\">els\u0151 magyar h\u0151l\u00e9gballont<\/a>\u00a01976-ban k\u00e9sz\u00edtett\u00e9k el haz\u00e1nkban. Meg\u00e9p\u00edt\u00e9s\u00e9t t\u00f6bb k\u00eds\u00e9rlet el\u0151zte meg.<\/p>\n<div style=\"width: 310px\" class=\"wp-caption alignleft\"><a href=\"http:\/\/ballon.hu\/ballonok\/ballpict\/holegballonok.jpg\" target=\"_blank\"><img decoding=\"async\" loading=\"lazy\" class=\"  \" alt=\"A h\u0151l\u00e9gballonok form\u00e1ja szinte kimer\u00edthetetlen\" src=\"http:\/\/ballon.hu\/ballonok\/ballpict\/holegballonoks.jpg\" width=\"300\" height=\"236\" \/><\/a><p class=\"wp-caption-text\">A h\u0151l\u00e9gballonok form\u00e1ja szinte kimer\u00edthetetlen<\/p><\/div>\n<p align=\"justify\">Ezt k\u00f6vet\u0151en a P\u00e9csi B\u00e1ny\u00e1szati Aknam\u00e9ly\u00edt\u0151 V\u00e1llalat Textil\u00fczeme\u00a0<em>Notheisz Antal\u00a0<\/em>vezet\u00e9s\u00e9vel m\u00e1r \u00fczemszer\u0171en \u00e1ll\u00edtott el\u0151 h\u0151l\u00e9gballonokat. A sors szesz\u00e9lye, hogy a hazai h\u0151l\u00e9gballon sport megteremt\u00e9s\u00e9ben nagy seg\u00edts\u00e9get ny\u00fajt\u00f3 lengyel ballonosok is P\u00e9csr\u0151l v\u00e1s\u00e1rolt\u00e1k ballonjaik t\u00falnyom\u00f3 t\u00f6bbs\u00e9g\u00e9t. A Notheisz Ballon Kft. a\u00a0<a href=\"http:\/\/ballon.hu\/tortenet\/bgyartok.htm\">magyar ballongy\u00e1rt\u00e1s<\/a>\u00a0k\u00f6zpontja a XX. sz\u00e1zad v\u00e9g\u00e9n \u00e9s a XXI. sz\u00e1zad elej\u00e9n.<\/p><!--CusAds0-->\n<p align=\"justify\">A h\u0151l\u00e9gballon sport hazai sz\u00f6vets\u00e9ge a Magyar Rep\u00fcl\u0151 Sz\u00f6vet\u00e9g Ballon Szakbizotts\u00e1ga. Nemzetk\u00f6zi sz\u00f6vets\u00e9ge a\u00a0FAI CIA\u00a0(Federation Aeronautique Internationale Commission Internationale Aerostation). A sport\u00e1g\u00a0<a href=\"http:\/\/ballon.hu\/tortenet\/kezdetek.htm\">hazai elterjed\u00e9s<\/a>\u00e9ben nagy el\u0151re l\u00e9p\u00e9s volt, hogy 1978-ban az akkori rep\u00fcl\u0151 sport\u00e1gakat m\u0171k\u00f6dtet\u0151 MHSZ. Felvette a sport\u00e1gai k\u00f6z\u00e9 a h\u0151l\u00e9gballon sportot. Megalakultak a\u00a0<a href=\"http:\/\/ballon.hu\/ballonos\/ballklub.htm\">h\u0151l\u00e9gballon klubok<\/a>, szakoszt\u00e1lyok. A k\u00fclf\u00f6ldi tapasztalatok alapj\u00e1n kidolgoz\u00e1sra \u00e9s kiad\u00e1sra ker\u00fcltek a h\u0151l\u00e9gballon sport szab\u00e1lyai. A f\u00e9nykorban t\u00f6bb mint sz\u00e1z\u00a0<a href=\"http:\/\/ballon.hu\/ballonok\/magyball.htm\">magyar h\u0151l\u00e9gballon<\/a>\u00a0\u00fczemelt. Az \u00e9vek sor\u00e1n kiemelked\u0151 nemzetk\u00f6zi\u00a0<a href=\"http:\/\/ballon.hu\/?page_id=64\">eredm\u00e9nyeket<\/a>\u00a0\u00e9s megbecs\u00fcl\u00e9st \u00e9rtek el a\u00a0<a href=\"http:\/\/ballon.hu\/ballonos\/pilotak.htm\">pil\u00f3t\u00e1ink<\/a>,\u00a0<a href=\"http:\/\/ballon.hu\/ballonos\/versbiro.htm\">versenyb\u00edr\u00f3ink<\/a>\u00a0\u00e9s\u00a0<a href=\"http:\/\/ballon.hu\/ballonos\/obszerve.htm\">obszervereink<\/a>\u00a0is.<\/p>\n<!--CusAds0-->\n<div style=\"font-size: 0px; height: 0px; line-height: 0px; margin: 0; padding: 0; clear: both;\"><\/div>","protected":false},"excerpt":{"rendered":"<p>A h\u0151l\u00e9gballon egy szabad ballon, aminek felhajt\u00f3erej\u00e9t kiz\u00e1r\u00f3lag a leveg\u0151 felf\u0171t\u00e9se adja \u00e9s a kupola nem tartalmazhat m\u00e1s g\u00e1zt, mint leveg\u0151t \u00e9s norm\u00e1lis \u00e9g\u00e9sterm\u00e9keket. A h\u0151l\u00e9gballonok alakja rendk\u00edv\u00fcl sokf\u00e9le lehet, hat\u00e1rt szinte csak a k\u00e9pzel\u0151er\u0151 ad. A h\u0151l\u00e9gballonban nem haszn\u00e1lnak ballasztot, (pl. homokzs\u00e1kot). A felhajt\u00f3er\u0151t a kupol\u00e1ban l\u00e9v\u0151 leveg\u0151 h\u0151m\u00e9rs\u00e9klet\u00e9nek v\u00e1ltoztat\u00e1s\u00e1val szab\u00e1lyozz\u00e1k. Ha a pil\u00f3ta [&hellip;]<\/p>\n","protected":false},"author":1,"featured_media":0,"parent":53,"menu_order":1,"comment_status":"open","ping_status":"open","template":"","meta":[],"_links":{"self":[{"href":"http:\/\/ballon.hu\/index.php?rest_route=\/wp\/v2\/pages\/143"}],"collection":[{"href":"http:\/\/ballon.hu\/index.php?rest_route=\/wp\/v2\/pages"}],"about":[{"href":"http:\/\/ballon.hu\/index.php?rest_route=\/wp\/v2\/types\/page"}],"author":[{"embeddable":true,"href":"http:\/\/ballon.hu\/index.php?rest_route=\/wp\/v2\/users\/1"}],"replies":[{"embeddable":true,"href":"http:\/\/ballon.hu\/index.php?rest_route=%2Fwp%2Fv2%2Fcomments&post=143"}],"version-history":[{"count":0,"href":"http:\/\/ballon.hu\/index.php?rest_route=\/wp\/v2\/pages\/143\/revisions"}],"up":[{"embeddable":true,"href":"http:\/\/ballon.hu\/index.php?rest_route=\/wp\/v2\/pages\/53"}],"wp:attachment":[{"href":"http:\/\/ballon.hu\/index.php?rest_route=%2Fwp%2Fv2%2Fmedia&parent=143"}],"curies":[{"name":"wp","href":"https:\/\/api.w.org\/{rel}","templated":true}]}}